{"id":10937,"date":"2025-01-06T15:17:59","date_gmt":"2025-01-06T14:17:59","guid":{"rendered":"https:\/\/miejskie.wodzislawsl.pttk.pl\/?page_id=10937"},"modified":"2026-03-17T20:53:59","modified_gmt":"2026-03-17T19:53:59","slug":"plan-wycieczek-2026","status":"publish","type":"page","link":"https:\/\/miejskie.wodzislawsl.pttk.pl\/wpa\/plan-wycieczek-2026\/","title":{"rendered":"Plan wycieczek na 2026 r."},"content":{"rendered":"\n<p><strong>Zarz\u0105d Ko\u0142a Miejskiego PTTK w Wodzis\u0142awiu \u015al\u0105skim zastrzega sobie prawo do zmian w planie wycieczek na rok 2026. Prosimy o zapoznanie si\u0119 z <a href=\"https:\/\/miejskie.wodzislawsl.pttk.pl\/regulamin\/Regulamin.pdf\" target=\"_blank\" rel=\"noreferrer noopener\">REGULAMINEM <\/a>wycieczek organizowanych przez Ko\u0142o Miejskie PTTK w Wodzis\u0142awiu \u015al\u0105skim.<\/strong><\/p>\n\n\n\n<p class=\"has-text-align-center has-vivid-red-color has-text-color has-link-color wp-elements-5570577e1fd889a334dd2bdc29e21d34\"><strong>Plan imprez na 2026 r. do pobrania w formacie .pdf <\/strong><a href=\"https:\/\/miejskie.wodzislawsl.pttk.pl\/wpa\/wp-content\/uploads\/2026\/03\/PLAN-WYCIECZEK-NA-ROK-2026-v-2.pdf\" target=\"_blank\" rel=\"noreferrer noopener\">KLIKNIJ TUTAJ <\/a><\/p>\n\n\n\n<p>Terminy wycieczek mog\u0105 ulec zmianie. O zmianie terminu powiadamia\u0107 b\u0119dziemy na stronie internetowej oraz na FB z wyprzedzeniem. Informujemy, \u017ce w pierwszej kolejno\u015bci zapisywani b\u0119d\u0105 cz\u0142onkowie K\u00f3\u0142 PTTK Oddzia\u0142u w Wodzis\u0142awiu \u015al\u0105skim.<\/p>\n\n\n\n<p class=\"has-text-align-left\">Zapisy na wycieczki przyjmowane s\u0105 TYLKO na dy\u017curach dokonuj\u0105c pe\u0142nej wp\u0142aty lub <strong>zaliczki<\/strong> zgodnie z informacj\u0105 na stronie. Prosimy o przynoszenie odliczonej kwoty.<\/p>\n\n\n\n<table id=\"tablepress-14\" class=\"tablepress tablepress-id-14\">\n<thead>\n<tr class=\"row-1\">\n\t<td class=\"column-1\"><\/td><th class=\"column-2\">CEL WYJAZDU<\/th>\n<\/tr>\n<\/thead>\n<tbody class=\"row-striping row-hover\">\n<tr class=\"row-2\">\n\t<td class=\"column-1\">10.01.2026<\/td><td class=\"column-2\">Wielka Czantoria. VII Zimowe wej\u015bcie na Czantori\u0119 w kr\u00f3tkich gaciach<\/td>\n<\/tr>\n<tr class=\"row-3\">\n\t<td class=\"column-1\">24.01.2026<\/td><td class=\"column-2\">Skrzyczne KGP (Beskid \u015al\u0105ski)<\/td>\n<\/tr>\n<tr class=\"row-4\">\n\t<td class=\"column-1\">07.02.2026<\/td><td class=\"column-2\">Kulig - Wis\u0142a Go\u015bciej\u00f3w lub trasa                                           Wis\u0142a - Skolnity wie\u017ca widokowa - Wis\u0142a <\/td>\n<\/tr>\n<tr class=\"row-5\">\n\t<td class=\"column-1\">21.02.2026<\/td><td class=\"column-2\">Czupel KGP (Beskid Ma\u0142y)<\/td>\n<\/tr>\n<tr class=\"row-6\">\n\t<td class=\"column-1\">07.03.2026<\/td><td class=\"column-2\">Dro\u017cd\u017c\u00f3wki na Potr\u00f3jnej - Dzie\u0144 Kobiet<\/td>\n<\/tr>\n<tr class=\"row-7\">\n\t<td class=\"column-1\">21.03.2026<\/td><td class=\"column-2\">Cieszyn<\/td>\n<\/tr>\n<tr class=\"row-8\">\n\t<td class=\"column-1\">11.04.2026<\/td><td class=\"column-2\">Pa\u0142ac Nov\u00e1 Horka i Kotvice, Muzeum Wagon\u00f3w - Stud\u00e9nka<\/td>\n<\/tr>\n<tr class=\"row-9\">\n\t<td class=\"column-1\">18.04.2026<\/td><td class=\"column-2\">Zamek w Tworkowie, Kolejka Rudy Raciborskie<\/td>\n<\/tr>\n<tr class=\"row-10\">\n\t<td class=\"column-1\">25.04.2026<\/td><td class=\"column-2\">Krak\u00f3w cz. 3  Wok\u00f3\u0142 Starego Miasta szlakiem romantyczno - kryminalnym (z przewodnikiem).<\/td>\n<\/tr>\n<tr class=\"row-11\">\n\t<td class=\"column-1\">02.05.2026<\/td><td class=\"column-2\">Hala Boracza - dro\u017cd\u017c\u00f3wki z jagodami, ognisko<\/td>\n<\/tr>\n<tr class=\"row-12\">\n\t<td class=\"column-1\">09.05.2026<\/td><td class=\"column-2\">Czechy - Wie\u017ca Cvilin-Krnov, bazylika, ruiny zamku Selenburk i wie\u017ca Hanse Kudlicha<\/td>\n<\/tr>\n<tr class=\"row-13\">\n\t<td class=\"column-1\">16.05.2026<\/td><td class=\"column-2\">Czechy - O\u0142omuniec<\/td>\n<\/tr>\n<tr class=\"row-14\">\n\t<td class=\"column-1\">23.05.2026<\/td><td class=\"column-2\">Chata Grabowa \/ Kotarz (Dzie\u0144 Matki)<\/td>\n<\/tr>\n<tr class=\"row-15\">\n\t<td class=\"column-1\">06.06.2026<\/td><td class=\"column-2\">Czechy - Wodospady Resov i zamek Soviniec<\/td>\n<\/tr>\n<tr class=\"row-16\">\n\t<td class=\"column-1\">20.06.2026<\/td><td class=\"column-2\">Katowice - Park Etnograficzny<\/td>\n<\/tr>\n<tr class=\"row-17\">\n\t<td class=\"column-1\">27.06.2026<\/td><td class=\"column-2\">Ojcowski Park Narodowy. Pieskowa Ska\u0142a (Dni Kultury Staropolskiej)<\/td>\n<\/tr>\n<tr class=\"row-18\">\n\t<td class=\"column-1\">04.07.2026<\/td><td class=\"column-2\">Czechy - Filipka (Beskid \u015al\u0105ski)<\/td>\n<\/tr>\n<tr class=\"row-19\">\n\t<td class=\"column-1\">18.07.2026<\/td><td class=\"column-2\">Toszek - zamek, P\u0142awniowice<\/td>\n<\/tr>\n<tr class=\"row-20\">\n\t<td class=\"column-1\">01.08.2026<\/td><td class=\"column-2\">Czechy - Pradziad. Wodospady Bia\u0142ej Opavy<\/td>\n<\/tr>\n<tr class=\"row-21\">\n\t<td class=\"column-1\">08.08.2026<\/td><td class=\"column-2\">Krak\u00f3w cz. 4 (z przewodnikiem)<\/td>\n<\/tr>\n<tr class=\"row-22\">\n\t<td class=\"column-1\">22.08.2026<\/td><td class=\"column-2\">Tr\u00f3jstyk<\/td>\n<\/tr>\n<tr class=\"row-23\">\n\t<td class=\"column-1\">05.09.2026<\/td><td class=\"column-2\">Czechy - Girova (Beskid \u015al\u0105ski)<\/td>\n<\/tr>\n<tr class=\"row-24\">\n\t<td class=\"column-1\">19.09.2026<\/td><td class=\"column-2\">wycieczka<\/td>\n<\/tr>\n<tr class=\"row-25\">\n\t<td class=\"column-1\">10.10.2026<\/td><td class=\"column-2\">Romanka - Rysianka (Beskid \u017bywiecki)<\/td>\n<\/tr>\n<tr class=\"row-26\">\n\t<td class=\"column-1\">07.11.2026<\/td><td class=\"column-2\">Z\u0142oty Stok Sztolnia<\/td>\n<\/tr>\n<tr class=\"row-27\">\n\t<td class=\"column-1\">12.12.2026<\/td><td class=\"column-2\">Spotkanie cz\u0142onk\u00f3w Ko\u0142a Miejskiego<\/td>\n<\/tr>\n<\/tbody>\n<\/table>\n<!-- #tablepress-14 from cache -->\n\n\n<h2 id=\"tablepress-7-name\" class=\"tablepress-table-name tablepress-table-name-id-7\">Dy\u017cury<\/h2>\n\n<table id=\"tablepress-7\" class=\"tablepress tablepress-id-7\" aria-labelledby=\"tablepress-7-name\">\n<tbody class=\"row-striping row-hover\">\n<tr class=\"row-1\">\n\t<td class=\"column-1\">Dy\u017cury Ko\u0142a Miejskiego PTTK:<\/td><td class=\"column-2\">\u015aRODY w godz. 15:00 \u2013 17:00<\/td>\n<\/tr>\n<tr class=\"row-2\">\n\t<td class=\"column-1\">Miejsce dy\u017curu:<\/td><td class=\"column-2\">Biuro Zarz\u0105du PTTK Oddzia\u0142 w Wodzis\u0142awiu \u015al\u0105skim<br \/>\n44-300 Wodzis\u0142aw \u015al\u0105ski, ul. Ks. P\u0142k. Wilhema Kubsza 15 lok. 18<\/td>\n<\/tr>\n<\/tbody>\n<\/table>\n<!-- #tablepress-7 from cache -->\n\n\n<h2 id=\"tablepress-6-name\" class=\"tablepress-table-name tablepress-table-name-id-6\">Dane Kontaktowe<\/h2>\n\n<table id=\"tablepress-6\" class=\"tablepress tablepress-id-6\" aria-labelledby=\"tablepress-6-name\">\n<tbody class=\"row-striping row-hover\">\n<tr class=\"row-1\">\n\t<td class=\"column-1\">Oddzia\u0142:<\/td><td class=\"column-2\">\u201ePolskie Towarzystwo Turystyczno Krajoznawcze Oddzia\u0142 w Wodzis\u0142awiu \u015al\u0105skim\u201d<\/td>\n<\/tr>\n<tr class=\"row-2\">\n\t<td class=\"column-1\">Ko\u0142o:<\/td><td class=\"column-2\">\u201eKo\u0142o Miejskie PTTK w Wodzis\u0142awiu \u015al\u0105skim\u201d<\/td>\n<\/tr>\n<tr class=\"row-3\">\n\t<td class=\"column-1\">Adres siedziby:<\/td><td class=\"column-2\">44-300 Wodzis\u0142aw \u015al\u0105ski, ul. Ks. P\u0142k. Wilhema Kubsza 15 lok. 18<\/td>\n<\/tr>\n<tr class=\"row-4\">\n\t<td class=\"column-1\">Telefon stacjonarny (w godzinach dy\u017curu):<\/td><td class=\"column-2\">+48 32 455 32 58<\/td>\n<\/tr>\n<tr class=\"row-5\">\n\t<td class=\"column-1\">Znajd\u017a nas na Mapy.cz:<\/td><td class=\"column-2\"><a href=\"https:\/\/pl.mapy.cz\/s\/dedapubeba\" target=\"_blank\" rel=\"noopener\">Ko\u0142o Miejskie PTTK w Wodzis\u0142awiu \u015al\u0105skim<\/a><\/td>\n<\/tr>\n<tr class=\"row-6\">\n\t<td class=\"column-1\">Znajd\u017a nas na Google Mapa:<\/td><td class=\"column-2\"><a href=\"https:\/\/maps.app.goo.gl\/s5vnN5ku4PjNA7tz8\" target=\"_blank\" rel=\"noopener\">Ko\u0142o Miejskie PTTK w Wodzis\u0142awiu \u015al\u0105skim<\/a><\/td>\n<\/tr>\n<\/tbody>\n<\/table>\n<!-- #tablepress-6 from cache -->\n","protected":false},"excerpt":{"rendered":"<p>Zarz\u0105d Ko\u0142a Miejskiego PTTK w Wodzis\u0142awiu \u015al\u0105skim zastrzega sobie prawo do zmian w planie wycieczek na rok 2026. Prosimy o zapoznanie si\u0119 z REGULAMINEM wycieczek organizowanych przez Ko\u0142o Miejskie PTTK w Wodzis\u0142awiu \u015al\u0105skim. Plan imprez na 2026 r. do pobrania w formacie .pdf KLIKNIJ TUTAJ Terminy wycieczek mog\u0105 ulec zmianie. O zmianie terminu powiadamia\u0107 b\u0119dziemy [&hellip;]<\/p>\n","protected":false},"author":3,"featured_media":0,"parent":0,"menu_order":0,"comment_status":"closed","ping_status":"closed","template":"","meta":{"ngg_post_thumbnail":0,"footnotes":""},"class_list":["post-10937","page","type-page","status-publish","czr-hentry"],"yoast_head":"<!-- This site is optimized with the Yoast SEO plugin v27.4 - https:\/\/yoast.com\/product\/yoast-seo-wordpress\/ -->\n<title>Plan wycieczek na 2026 r. - Ko\u0142o Miejskie PTTK w Wodzis\u0142awiu \u015al\u0105skim<\/title>\n<meta name=\"robots\" content=\"index, follow, max-snippet:-1, max-image-preview:large, max-video-preview:-1\" \/>\n<link rel=\"canonical\" href=\"https:\/\/miejskie.wodzislawsl.pttk.pl\/wpa\/plan-wycieczek-2026\/\" \/>\n<meta property=\"og:locale\" content=\"pl_PL\" \/>\n<meta property=\"og:type\" content=\"article\" \/>\n<meta property=\"og:title\" content=\"Plan wycieczek na 2026 r. - Ko\u0142o Miejskie PTTK w Wodzis\u0142awiu \u015al\u0105skim\" \/>\n<meta property=\"og:description\" content=\"Zarz\u0105d Ko\u0142a Miejskiego PTTK w Wodzis\u0142awiu \u015al\u0105skim zastrzega sobie prawo do zmian w planie wycieczek na rok 2026. Prosimy o zapoznanie si\u0119 z REGULAMINEM wycieczek organizowanych przez Ko\u0142o Miejskie PTTK w Wodzis\u0142awiu \u015al\u0105skim. Plan imprez na 2026 r. do pobrania w formacie .pdf KLIKNIJ TUTAJ Terminy wycieczek mog\u0105 ulec zmianie. O zmianie terminu powiadamia\u0107 b\u0119dziemy [&hellip;]\" \/>\n<meta property=\"og:url\" content=\"https:\/\/miejskie.wodzislawsl.pttk.pl\/wpa\/plan-wycieczek-2026\/\" \/>\n<meta property=\"og:site_name\" content=\"Ko\u0142o Miejskie PTTK w Wodzis\u0142awiu \u015al\u0105skim\" \/>\n<meta property=\"article:publisher\" content=\"https:\/\/www.facebook.com\/pttk.wodzislawsl\/\" \/>\n<meta property=\"article:modified_time\" content=\"2026-03-17T19:53:59+00:00\" \/>\n<script type=\"application\/ld+json\" class=\"yoast-schema-graph\">{\"@context\":\"https:\\\/\\\/schema.org\",\"@graph\":[{\"@type\":\"WebPage\",\"@id\":\"https:\\\/\\\/miejskie.wodzislawsl.pttk.pl\\\/wpa\\\/plan-wycieczek-2026\\\/\",\"url\":\"https:\\\/\\\/miejskie.wodzislawsl.pttk.pl\\\/wpa\\\/plan-wycieczek-2026\\\/\",\"name\":\"Plan wycieczek na 2026 r. - Ko\u0142o Miejskie PTTK w Wodzis\u0142awiu \u015al\u0105skim\",\"isPartOf\":{\"@id\":\"https:\\\/\\\/miejskie.wodzislawsl.pttk.pl\\\/#website\"},\"datePublished\":\"2025-01-06T14:17:59+00:00\",\"dateModified\":\"2026-03-17T19:53:59+00:00\",\"breadcrumb\":{\"@id\":\"https:\\\/\\\/miejskie.wodzislawsl.pttk.pl\\\/wpa\\\/plan-wycieczek-2026\\\/#breadcrumb\"},\"inLanguage\":\"pl-PL\",\"potentialAction\":[{\"@type\":\"ReadAction\",\"target\":[\"https:\\\/\\\/miejskie.wodzislawsl.pttk.pl\\\/wpa\\\/plan-wycieczek-2026\\\/\"]}]},{\"@type\":\"BreadcrumbList\",\"@id\":\"https:\\\/\\\/miejskie.wodzislawsl.pttk.pl\\\/wpa\\\/plan-wycieczek-2026\\\/#breadcrumb\",\"itemListElement\":[{\"@type\":\"ListItem\",\"position\":1,\"name\":\"Strona g\u0142\u00f3wna\",\"item\":\"https:\\\/\\\/miejskie.wodzislawsl.pttk.pl\\\/\"},{\"@type\":\"ListItem\",\"position\":2,\"name\":\"Plan wycieczek na 2026 r.\"}]},{\"@type\":\"WebSite\",\"@id\":\"https:\\\/\\\/miejskie.wodzislawsl.pttk.pl\\\/#website\",\"url\":\"https:\\\/\\\/miejskie.wodzislawsl.pttk.pl\\\/\",\"name\":\"Ko\u0142o Miejskie PTTK w Wodzis\u0142awiu \u015al\u0105skim\",\"description\":\"PTTK Oddzia\u0142 w Wodzis\u0142awiu \u015al\u0105skim\",\"publisher\":{\"@id\":\"https:\\\/\\\/miejskie.wodzislawsl.pttk.pl\\\/#organization\"},\"potentialAction\":[{\"@type\":\"SearchAction\",\"target\":{\"@type\":\"EntryPoint\",\"urlTemplate\":\"https:\\\/\\\/miejskie.wodzislawsl.pttk.pl\\\/?s={search_term_string}\"},\"query-input\":{\"@type\":\"PropertyValueSpecification\",\"valueRequired\":true,\"valueName\":\"search_term_string\"}}],\"inLanguage\":\"pl-PL\"},{\"@type\":\"Organization\",\"@id\":\"https:\\\/\\\/miejskie.wodzislawsl.pttk.pl\\\/#organization\",\"name\":\"Ko\u0142o Miejskie PTTK w Wodzis\u0142awiu \u015al\u0105skim\",\"url\":\"https:\\\/\\\/miejskie.wodzislawsl.pttk.pl\\\/\",\"logo\":{\"@type\":\"ImageObject\",\"inLanguage\":\"pl-PL\",\"@id\":\"https:\\\/\\\/miejskie.wodzislawsl.pttk.pl\\\/#\\\/schema\\\/logo\\\/image\\\/\",\"url\":\"https:\\\/\\\/miejskie.wodzislawsl.pttk.pl\\\/wpa\\\/wp-content\\\/uploads\\\/2024\\\/01\\\/PTTK-125.png\",\"contentUrl\":\"https:\\\/\\\/miejskie.wodzislawsl.pttk.pl\\\/wpa\\\/wp-content\\\/uploads\\\/2024\\\/01\\\/PTTK-125.png\",\"width\":125,\"height\":125,\"caption\":\"Ko\u0142o Miejskie PTTK w Wodzis\u0142awiu \u015al\u0105skim\"},\"image\":{\"@id\":\"https:\\\/\\\/miejskie.wodzislawsl.pttk.pl\\\/#\\\/schema\\\/logo\\\/image\\\/\"},\"sameAs\":[\"https:\\\/\\\/www.facebook.com\\\/pttk.wodzislawsl\\\/\"]}]}<\/script>\n<!-- \/ Yoast SEO plugin. -->","yoast_head_json":{"title":"Plan wycieczek na 2026 r. - Ko\u0142o Miejskie PTTK w Wodzis\u0142awiu \u015al\u0105skim","robots":{"index":"index","follow":"follow","max-snippet":"max-snippet:-1","max-image-preview":"max-image-preview:large","max-video-preview":"max-video-preview:-1"},"canonical":"https:\/\/miejskie.wodzislawsl.pttk.pl\/wpa\/plan-wycieczek-2026\/","og_locale":"pl_PL","og_type":"article","og_title":"Plan wycieczek na 2026 r. - Ko\u0142o Miejskie PTTK w Wodzis\u0142awiu \u015al\u0105skim","og_description":"Zarz\u0105d Ko\u0142a Miejskiego PTTK w Wodzis\u0142awiu \u015al\u0105skim zastrzega sobie prawo do zmian w planie wycieczek na rok 2026. Prosimy o zapoznanie si\u0119 z REGULAMINEM wycieczek organizowanych przez Ko\u0142o Miejskie PTTK w Wodzis\u0142awiu \u015al\u0105skim. Plan imprez na 2026 r. do pobrania w formacie .pdf KLIKNIJ TUTAJ Terminy wycieczek mog\u0105 ulec zmianie. O zmianie terminu powiadamia\u0107 b\u0119dziemy [&hellip;]","og_url":"https:\/\/miejskie.wodzislawsl.pttk.pl\/wpa\/plan-wycieczek-2026\/","og_site_name":"Ko\u0142o Miejskie PTTK w Wodzis\u0142awiu \u015al\u0105skim","article_publisher":"https:\/\/www.facebook.com\/pttk.wodzislawsl\/","article_modified_time":"2026-03-17T19:53:59+00:00","schema":{"@context":"https:\/\/schema.org","@graph":[{"@type":"WebPage","@id":"https:\/\/miejskie.wodzislawsl.pttk.pl\/wpa\/plan-wycieczek-2026\/","url":"https:\/\/miejskie.wodzislawsl.pttk.pl\/wpa\/plan-wycieczek-2026\/","name":"Plan wycieczek na 2026 r. - Ko\u0142o Miejskie PTTK w Wodzis\u0142awiu \u015al\u0105skim","isPartOf":{"@id":"https:\/\/miejskie.wodzislawsl.pttk.pl\/#website"},"datePublished":"2025-01-06T14:17:59+00:00","dateModified":"2026-03-17T19:53:59+00:00","breadcrumb":{"@id":"https:\/\/miejskie.wodzislawsl.pttk.pl\/wpa\/plan-wycieczek-2026\/#breadcrumb"},"inLanguage":"pl-PL","potentialAction":[{"@type":"ReadAction","target":["https:\/\/miejskie.wodzislawsl.pttk.pl\/wpa\/plan-wycieczek-2026\/"]}]},{"@type":"BreadcrumbList","@id":"https:\/\/miejskie.wodzislawsl.pttk.pl\/wpa\/plan-wycieczek-2026\/#breadcrumb","itemListElement":[{"@type":"ListItem","position":1,"name":"Strona g\u0142\u00f3wna","item":"https:\/\/miejskie.wodzislawsl.pttk.pl\/"},{"@type":"ListItem","position":2,"name":"Plan wycieczek na 2026 r."}]},{"@type":"WebSite","@id":"https:\/\/miejskie.wodzislawsl.pttk.pl\/#website","url":"https:\/\/miejskie.wodzislawsl.pttk.pl\/","name":"Ko\u0142o Miejskie PTTK w Wodzis\u0142awiu \u015al\u0105skim","description":"PTTK Oddzia\u0142 w Wodzis\u0142awiu \u015al\u0105skim","publisher":{"@id":"https:\/\/miejskie.wodzislawsl.pttk.pl\/#organization"},"potentialAction":[{"@type":"SearchAction","target":{"@type":"EntryPoint","urlTemplate":"https:\/\/miejskie.wodzislawsl.pttk.pl\/?s={search_term_string}"},"query-input":{"@type":"PropertyValueSpecification","valueRequired":true,"valueName":"search_term_string"}}],"inLanguage":"pl-PL"},{"@type":"Organization","@id":"https:\/\/miejskie.wodzislawsl.pttk.pl\/#organization","name":"Ko\u0142o Miejskie PTTK w Wodzis\u0142awiu \u015al\u0105skim","url":"https:\/\/miejskie.wodzislawsl.pttk.pl\/","logo":{"@type":"ImageObject","inLanguage":"pl-PL","@id":"https:\/\/miejskie.wodzislawsl.pttk.pl\/#\/schema\/logo\/image\/","url":"https:\/\/miejskie.wodzislawsl.pttk.pl\/wpa\/wp-content\/uploads\/2024\/01\/PTTK-125.png","contentUrl":"https:\/\/miejskie.wodzislawsl.pttk.pl\/wpa\/wp-content\/uploads\/2024\/01\/PTTK-125.png","width":125,"height":125,"caption":"Ko\u0142o Miejskie PTTK w Wodzis\u0142awiu \u015al\u0105skim"},"image":{"@id":"https:\/\/miejskie.wodzislawsl.pttk.pl\/#\/schema\/logo\/image\/"},"sameAs":["https:\/\/www.facebook.com\/pttk.wodzislawsl\/"]}]}},"_links":{"self":[{"href":"https:\/\/miejskie.wodzislawsl.pttk.pl\/wpa\/wp-json\/wp\/v2\/pages\/10937","targetHints":{"allow":["GET"]}}],"collection":[{"href":"https:\/\/miejskie.wodzislawsl.pttk.pl\/wpa\/wp-json\/wp\/v2\/pages"}],"about":[{"href":"https:\/\/miejskie.wodzislawsl.pttk.pl\/wpa\/wp-json\/wp\/v2\/types\/page"}],"author":[{"embeddable":true,"href":"https:\/\/miejskie.wodzislawsl.pttk.pl\/wpa\/wp-json\/wp\/v2\/users\/3"}],"replies":[{"embeddable":true,"href":"https:\/\/miejskie.wodzislawsl.pttk.pl\/wpa\/wp-json\/wp\/v2\/comments?post=10937"}],"version-history":[{"count":12,"href":"https:\/\/miejskie.wodzislawsl.pttk.pl\/wpa\/wp-json\/wp\/v2\/pages\/10937\/revisions"}],"predecessor-version":[{"id":15822,"href":"https:\/\/miejskie.wodzislawsl.pttk.pl\/wpa\/wp-json\/wp\/v2\/pages\/10937\/revisions\/15822"}],"wp:attachment":[{"href":"https:\/\/miejskie.wodzislawsl.pttk.pl\/wpa\/wp-json\/wp\/v2\/media?parent=10937"}],"curies":[{"name":"wp","href":"https:\/\/api.w.org\/{rel}","templated":true}]}}