{"id":1393,"date":"2024-02-12T23:21:50","date_gmt":"2024-02-12T22:21:50","guid":{"rendered":"https:\/\/miejskie.wodzislawsl.pttk.pl\/wpa\/?page_id=1393"},"modified":"2025-02-22T09:20:08","modified_gmt":"2025-02-22T08:20:08","slug":"regulamin-wycieczek","status":"publish","type":"page","link":"https:\/\/miejskie.wodzislawsl.pttk.pl\/wpa\/regulamin-wycieczek\/","title":{"rendered":"Regulamin"},"content":{"rendered":"<p style=\"text-align: center;\"><b>Regulamin uczestnictwa w wycieczkach organizowanych przez <\/b><b>Ko\u0142o Miejskie PTTK Oddzia\u0142 Wodzis\u0142aw \u015al\u0105ski<\/b><\/p>\n<p>&nbsp;<\/p>\n<p style=\"text-align: center;\"><b>I. INFORMACJE OG\u00d3LNE<\/b><\/p>\n<ol>\n<li aria-level=\"1\">Niniejszy regulamin uczestnictwa dotyczy wszystkich wycieczek organizowanych przez&nbsp; Zarz\u0105d Ko\u0142a Miejskie PTTK Oddzia\u0142 Wodzis\u0142aw \u015al\u0105ski zwany dalej \u201cOrganizatorem\u201d.<\/li>\n<li aria-level=\"1\">Wszyscy uczestnicy wycieczek, zwani dalej \u201cUczestnikami\u201d zobowi\u0105zani s\u0105 do przestrzegania niniejszego \u201cRegulaminu uczestnictwa\u201d.<\/li>\n<li aria-level=\"1\">Wycieczki nie maj\u0105 charakteru komercyjnego s\u0105 wycieczkami statutowymi i odbywaj\u0105 si\u0119 na zasadzie samoorganizacji os\u00f3b w niej uczestnicz\u0105cych oraz&nbsp; koordynuj\u0105 je osoby prowadz\u0105ce wycieczk\u0119 wyznaczone przez Organizatora. Organizator obs\u0142uguje wycieczk\u0119 na zasadzie wolontariatu. Osoby&nbsp; wyznaczone przez Organizatora do prowadzenia&nbsp; wycieczki nie ponosz\u0105 koszt\u00f3w zwi\u0105zanych z wycieczk\u0105.&nbsp;<\/li>\n<\/ol>\n<p>&nbsp;<\/p>\n<p style=\"text-align: center;\"><b> &nbsp;&nbsp; II.&nbsp; ORGANIZACJA WYCIECZEK<\/b><\/p>\n<ol>\n<li>Wycieczki organizowane s\u0105 dla cz\u0142onk\u00f3w zrzeszonych w PTTK Oddzia\u0142 Wodzis\u0142aw \u015al\u0105ski z op\u0142acon\u0105 sk\u0142adk\u0105 cz\u0142onkowsk\u0105, jak r\u00f3wnie\u017c dla os\u00f3b niezrzeszonych w przypadku wolnych miejsc.&nbsp;<\/li>\n<li>Op\u0142acona aktualna sk\u0142adka cz\u0142onkowska uprawnia do zni\u017cki w cenie wycieczki.<\/li>\n<li>Zapisy na wycieczki prowadzone s\u0105 przez Ko\u0142o Miejskie PTTK Oddzia\u0142 Wodzis\u0142aw \u015al\u0105ski, przy ul. Kubsza 15, od dnia og\u0142oszenia danej wycieczki i odbywaj\u0105 si\u0119 w godzinach pe\u0142nienia dy\u017cur\u00f3w.&nbsp;<\/li>\n<li>Zapis\u00f3w mo\u017cna dokona\u0107 osobi\u015bcie lub telefonicznie.&nbsp; Warunkiem uczestnictwa w wycieczce jest wp\u0142ata pe\u0142nej kwoty&nbsp; uczestnictnictwa lub zaliczki w wysoko\u015bci podanej w og\u0142oszeniu. Wp\u0142aty za wycieczki odbywaj\u0105 si\u0119 tylko w formie got\u00f3wkowej.<\/li>\n<li>Po zapisaniu si\u0119 przez Uczestnika na wycieczk\u0119, do 1 tygodnia nale\u017cy dokona\u0107 wp\u0142aty. Brak wp\u0142aty po tym okresie b\u0119dzie traktowane jako rezygnacja z wycieczki.<\/li>\n<li>Dokonanie op\u0142aty za wycieczk\u0119 jest potwierdzeniem przyj\u0119cia Regulaminu uczestnictwa do wiadomo\u015bci i zobowi\u0105zaniem do jego przestrzegania.<\/li>\n<li>Organizator ma prawo do odmowy zapisu na wycieczk\u0119 osobom, kt\u00f3re nie stosowa\u0142y si\u0119 do zalece\u0144 Organizatora w poprzednich wyjazdach.<\/li>\n<li>W przypadku gdy wycieczka nie b\u0119dzie mog\u0142a zosta\u0107 zorganizowana z powod\u00f3w niezale\u017cnych od Organizatora, wszystkie zapisane osoby zostan\u0105 o tym fakcie poinformowane. Koszt wycieczki b\u0119dzie podlega\u0142 zwrotowi lub b\u0119dzie przekazany na poczet kolejnych wycieczek, zale\u017cnie od decyzji Uczestnika.<\/li>\n<li>\u015arodki z rozliczenia wycieczek pozostaj\u0105 w dyspozycji Zarz\u0105du Ko\u0142a Miejskiego.<\/li>\n<li aria-level=\"1\">Wycieczki odbywaj\u0105 si\u0119 bez wzgl\u0119du na pogod\u0119. Na og\u0142oszeniach poszczeg\u00f3lnych wycieczek podane jest dok\u0142adne miejsce i godzina odjazdu autokaru.<\/li>\n<li aria-level=\"1\">Uczestnicy b\u0119d\u0105cy cz\u0142onkami PTTK i maj\u0105cy op\u0142acon\u0105 aktualn\u0105 sk\u0142adk\u0119 cz\u0142onkowsk\u0105 s\u0105 ubezpieczeni w ramach ubezpieczenia grupowego od nast\u0119pstw nieszcz\u0119\u015bliwych wypadk\u00f3w (ubezpieczenie NNW).&nbsp;<\/li>\n<li aria-level=\"1\">Ubezpieczenie od nast\u0119pstw nieszcz\u0119\u015bliwych wypadk\u00f3w nie obejmuje uszczerbk\u00f3w na zdrowiu powsta\u0142ych po spo\u017cyciu alkoholu oraz w innych przypadkach zawartych w Og\u00f3lnych Warunkach Ubezpieczenia.<\/li>\n<li aria-level=\"1\">Uczestnicy&nbsp; nie b\u0119d\u0105cy cz\u0142onkami PTTK bior\u0105cy udzia\u0142 w wycieczce powinni ubezpieczy\u0107 si\u0119 we w\u0142asnym zakresie.<\/li>\n<li aria-level=\"1\">Organizator nie zapewnia opieki licencjonowanego przewodnika na wycieczce.<\/li>\n<li aria-level=\"1\">W programie wycieczki Organizator przedstawia proponowany przebieg trasy do przej\u015bcia indywidualnego.<\/li>\n<li aria-level=\"1\">Za realizacj\u0119 programu wycieczki odpowiedzialna jest osoba wyznaczona do prowadzenia wycieczki&nbsp; przez Organizatora.<\/li>\n<li aria-level=\"1\">Ka\u017cdy Uczestnik wycieczki pokonuje tras\u0119 indywidualnie, na w\u0142asn\u0105 odpowiedzialno\u015b\u0107. W przypadku gdy Uczestnik wycieczki&nbsp; planuje zmieni\u0107 lub przej\u015b\u0107 inn\u0105 tras\u0105, zobowi\u0105zany jest poinformowa\u0107 o tym fakcie prowadz\u0105cego wycieczk\u0119.<\/li>\n<li aria-level=\"1\">Uczestnik wycieczki, kt\u00f3ry zmieni\u0142 proponowan\u0105 tras\u0119 zobowi\u0105zany jest stawi\u0107 si\u0119 w miejscu i o wyznaczonej godzinie odjazdu autokaru. W przeciwnym wypadku wraca do miejsca zamieszkania&nbsp; we w\u0142asnym zakresie i na w\u0142asny koszt.<\/li>\n<\/ol>\n<p>&nbsp;<\/p>\n<p style=\"text-align: center;\"><b>III. REZYGNACJA Z UCZESTNICTWA W WYCIECZCE.<\/b><\/p>\n<ol>\n<li>&nbsp;W przypadku rezygnacji z uczestnictwa w wycieczce, Uczestnik zobowi\u0105zany jest niezw\u0142ocznie poinformowa\u0107 o tym Organizatora.&nbsp;<\/li>\n<li>Zg\u0142oszenie rezygnacji nale\u017cy dokona\u0107 osobi\u015bcie, w uzasadnionych przypadkach telefonicznie, w terminie do ostatniego dy\u017curu przed wycieczk\u0105, w siedzibie Organizatora.<\/li>\n<li>W przypadku rezygnacji z uczestnictwa w&nbsp; wycieczce po podanej w og\u0142oszeniu dacie zapis\u00f3w, decyzj\u0119 o zwrocie wp\u0142aconych&nbsp; kwot ka\u017cdorazowo podejmuje Organizator, indywidualnie dla ka\u017cdej osoby. Organizator mo\u017ce pomniejszy\u0107 zwrot wp\u0142aconej kwoty o poniesione przez niego w zwi\u0105zku z wycieczk\u0105 koszty.<\/li>\n<li>Z uczestnictwa z wycieczki mo\u017cna zrezygnowa\u0107, lecz Uczestnikowi, kt\u00f3ry zg\u0142osi rezygnacj\u0119 z uczestnictwa w wycieczce zbyt p\u00f3\u017ano, nie b\u0119dzie zwracana op\u0142ata, chyba \u017ce pojedzie za niego inna osoba, w pierwszej kolejno\u015bci&nbsp; z listy rezerwowej (je\u017celi b\u0119dzie utworzona),<\/li>\n<li>Je\u017celi&nbsp; Uczestnik zg\u0142osi Organizatorowi rezygnacj\u0119 najp\u00f3\u017aniej tydzie\u0144 przed planowan\u0105 wycieczk\u0105, kwota zostanie zwr\u00f3cona w ca\u0142o\u015bci.<\/li>\n<li>W sytuacji nie poinformowania Organizatora o rezygnacji lub nie stawienie si\u0119 w dniu wyjazdu w ustalonym miejscu i wyznaczonej godzinie odjazdu autokaru na wycieczk\u0119 zwrot wp\u0142aconych kwot nie przys\u0142uguje.<\/li>\n<li>W wypadkach losowych decyduje Organizator.<\/li>\n<\/ol>\n<p>&nbsp;<\/p>\n<p style=\"text-align: center;\"><b> IV. ZACHOWANIE NA WYCIECZCE<\/b><\/p>\n<ol>\n<li>Uczestnicy wycieczek maj\u0105 obowi\u0105zek przestrzegania zasad bezpiecze\u0144stwa, dobrego wychowania i kultury turystycznej.<\/li>\n<li>Ka\u017cdy Uczestnik bierze udzia\u0142 w wycieczce na w\u0142asne ryzyko i odpowiedzialno\u015b\u0107. Organizator nie bierze odpowiedzialno\u015bci za wypadki powsta\u0142e w czasie trwania wycieczki oraz za szkody wynik\u0142e w stosunku do Uczestnik\u00f3w i os\u00f3b trzecich.<\/li>\n<li>Osoby poni\u017cej 18 roku \u017cycia mog\u0105 bra\u0107 udzia\u0142 w wycieczkach pod warunkiem uzyskania pisemnej zgody rodzic\u00f3w b\u0105d\u017a opiekun\u00f3w prawnych, ponadto powinny by\u0107 pod opiek\u0105&nbsp; osoby doros\u0142ej (opiekuna prawnego, b\u0105d\u017a osoby wyznaczonej przez opiekuna prawnego). Organizator s\u0142u\u017cy pomoc\u0105 ale nie bierze odpowiedzialno\u015bci za \u017cadne zdarzenia i szkody wynik\u0142e podczas sprawowania tej opieki.<\/li>\n<li>W wycieczce mog\u0105 uczestniczy\u0107 wy\u0142\u0105cznie osoby znajduj\u0105ce si\u0119 na li\u015bcie b\u0119d\u0105cej w posiadaniu&nbsp; Organizatora. Osoby nie znajduj\u0105ce si\u0119 na li\u015bcie nie b\u0119d\u0105 zabierane na wycieczk\u0119.<\/li>\n<li>Podczas wycieczki krajowej nale\u017cy mie\u0107 przy sobie dow\u00f3d osobisty lub inny dokument to\u017csamo\u015bci ze zdj\u0119ciem, a w przypadku wycieczek zagranicznych paszport lub dow\u00f3d osobisty oraz kart\u0119 EKUZ.<\/li>\n<li aria-level=\"1\">Organizator zastrzega sobie prawo do sprawdzenia to\u017csamo\u015bci Uczestnika oraz do sprawdzenia aktualnej legitymacji PTTK.<\/li>\n<li aria-level=\"1\">W przypadku gdy Uczestnik nie posiada lub nie chce okaza\u0107 dokumentu to\u017csamo\u015bci&nbsp; Organizator mo\u017ce odm\u00f3wi\u0107&nbsp; takiej osobie prawa do udzia\u0142u w wycieczce, bez mo\u017cliwo\u015bci&nbsp; ubiegania si\u0119 o zwrot wp\u0142aconych op\u0142at.<\/li>\n<li aria-level=\"1\">W trakcie jazdy ze wzgl\u0119d\u00f3w bezpiecze\u0144stwa zabronione jest chodzenie po autokarze i spo\u017cywanie gor\u0105cych napoj\u00f3w.<\/li>\n<li aria-level=\"1\">W autokarze obowi\u0105zuje ca\u0142kowity zakaz spo\u017cywania napoj\u00f3w alkoholowych.<\/li>\n<li aria-level=\"1\">&nbsp;Organizator zastrzega sobie&nbsp; prawo do zmiany programu wycieczki z przyczyn od niego niezale\u017cnych.<\/li>\n<li>&nbsp;Uczestnicy wycieczki zobowi\u0105zani s\u0105 do przestrzegania przepis\u00f3w miejscowych, granicznych, celnych, obowi\u0105zuj\u0105cych w parkach narodowych, krajobrazowych, rezerwatach przyrody miejscach noclegowych oraz porz\u0105dkowych okre\u015blonych przez Organizatora wycieczki.<\/li>\n<li>W trakcie trwania wycieczki nale\u017cy bezwzgl\u0119dnie podporz\u0105dkowa\u0107 si\u0119 poleceniom Organizatora oraz kierowcy autokaru.<\/li>\n<\/ol>\n<p>&nbsp;&nbsp;<\/p>\n<p>&nbsp;<\/p>\n<p style=\"text-align: center;\"><b> V. WYCIECZKI G\u00d3RSKIE<\/b><\/p>\n<ol>\n<li aria-level=\"1\">Wycieczki g\u00f3rskie s\u0105 przeznaczone dla os\u00f3b o dobrej&nbsp; kondycji fizycznej i psychicznej Uczestnictwo w wycieczkach nale\u017cy dostosowa\u0107 do swoich zainteresowa\u0144 oraz do mo\u017cliwo\u015bci fizycznych i zdrowotnych.<\/li>\n<li aria-level=\"1\">Bior\u0105c udzia\u0142 w wycieczce g\u00f3rskiej Uczestnik powinien posiada\u0107 odpowiedni ekwipunek turystyczny w\u0142a\u015bciwy do rodzaju wycieczki zapewniaj\u0105cy mu bezpiecze\u0144stwo.<\/li>\n<li aria-level=\"1\">Zg\u0142oszenie si\u0119 na wycieczk\u0119 g\u00f3rsk\u0105 jest potwierdzeniem dobrego stanu zdrowia Uczestnika. W przypadku sta\u0142ego stosowania lek\u00f3w nale\u017c zabra\u0107 je ze sob\u0105.<\/li>\n<li aria-level=\"1\">Organizator wycieczki mo\u017ce zwr\u00f3ci\u0107 uwag\u0119 Uczestnikowi pieszej wycieczki g\u00f3rskiej, \u017ce jego ekwipunek nie b\u0119dzie mu gwarantowa\u0142&nbsp; bezpiecze\u0144stwa co jest przeciwwskazaniem do jego udzia\u0142u w wycieczce g\u00f3rskiej.<\/li>\n<li aria-level=\"1\">Prowadz\u0105cy wycieczk\u0119 mo\u017ce nie dopu\u015bci\u0107 do udzia\u0142u w pieszej wycieczce g\u00f3rskiej Uczestnika , kt\u00f3rego ekwipunek lub stan psychofizyczny (np.stan po spo\u017cyciu alkoholu) nie b\u0119dzie mu&nbsp; gwarantowa\u0142 bezpiecze\u0144stwa.<\/li>\n<li aria-level=\"1\">Pe\u0142noletni Uczestnik wycieczki mo\u017ce si\u0119 od\u0142\u0105czy\u0107 od grupy na w\u0142asne ryzyko, powiadamiaj\u0105c o tym prowadz\u0105cego wycieczk\u0119.<\/li>\n<li aria-level=\"1\">Uczestnik, kt\u00f3ry nie dotrzyma powy\u017cszych warunk\u00f3w ponosi pe\u0142n\u0105 odpowiedzialno\u015b\u0107 za wynik\u0142e z tego konsekwencje.<\/li>\n<li aria-level=\"1\">Organizator zastrzega sobie prawo do zmiany programu wycieczki g\u00f3rskiej z przyczyn od niego niezale\u017cnych, a maj\u0105cych istotny wp\u0142yw na bezpiecze\u0144stwo uczestnik\u00f3w (np. za\u0142amanie pogody).<\/li>\n<\/ol>\n<p>&nbsp;<\/p>\n<p style=\"text-align: center;\"><b> VI. UWAGI KO\u0143COWE<\/b><\/p>\n<ol>\n<li>Uczestnictwo w wycieczce jest jednoczesnym wyra\u017ceniem zgody przez Uczestnika do fotografowania swojego wizerunku oraz umieszczania zdj\u0119\u0107 ze swoim wizerunkiem na stronie i mediach spo\u0142eczno\u015bciowych,&nbsp; prowadzonych przez Ko\u0142o Miejskie PTTK Oddzia\u0142&nbsp; w Wodzis\u0142awiu \u015al\u0105skim.<\/li>\n<li>W przypadku gdy Uczestnik wycieczki nie wyra\u017ca zgody na publikowanie swojego wizerunku, jest zobowi\u0105zany do poinformowania Organizatora o tym fakcie przed rozpocz\u0119ciem wycieczki w formie pisemnej.<\/li>\n<li aria-level=\"1\">Organizator nie odpowiada za publikowanie zdj\u0119\u0107 przez Uczestnik\u00f3w wycieczek, a udost\u0119pnionych przez nich na ich w\u0142asnych profilach w mediach spo\u0142eczno\u015bciowych.<\/li>\n<li aria-level=\"1\">Uczestnik wyra\u017ca zgod\u0119 na przetwarzanie swoich danych osobowych dla potrzeb&nbsp; PTTK&nbsp; zgodnie z przepisami Ustawy o ochronie danych osobowych&nbsp; z dnia 25 maja 2018 r. (dalej RODO)&nbsp;<\/li>\n<li aria-level=\"1\">Zdj\u0119cia z wycieczek i innych imprez Organizatora publikowane w Internecie s\u0105 w\u0142asno\u015bci\u0105 PTTK Oddzia\u0142 Wodzis\u0142aw \u015al\u0105ski.<\/li>\n<li aria-level=\"1\">Wszelkie w\u0105tpliwo\u015bci rozstrzyga i ostateczna interpretacja Regulaminu&nbsp; uczestnictwa w wycieczkach&nbsp; nale\u017cy do Organizatora &#8211; Ko\u0142a Miejskiego PTTK Oddzia\u0142 Wodzis\u0142aw \u015al\u0105ski.<\/li>\n<li aria-level=\"1\">Niniejszy Regulamin uczestnictwa w wycieczkach zosta\u0142 zatwierdzony przez Zarz\u0105d Ko\u0142a Miejskiego PTTK Oddzia\u0142 Wodzis\u0142aw \u015al\u0105ski z siedzib\u0105 ul. Kubsza 15&nbsp; w dniu <b>14.11.2024 r.<\/b> Uchwa\u0142\u0105 nr <b>3\/2024<\/b> i obowi\u0105zuje od dnia podj\u0119cia uchwa\u0142y.<\/li>\n<\/ol>\n<p>&nbsp;<\/p>\n","protected":false},"excerpt":{"rendered":"<p>Regulamin uczestnictwa w wycieczkach organizowanych przez Ko\u0142o Miejskie PTTK Oddzia\u0142 Wodzis\u0142aw \u015al\u0105ski &nbsp; I. INFORMACJE OG\u00d3LNE Niniejszy regulamin uczestnictwa dotyczy wszystkich wycieczek organizowanych przez&nbsp; Zarz\u0105d Ko\u0142a Miejskie PTTK Oddzia\u0142 Wodzis\u0142aw \u015al\u0105ski zwany dalej \u201cOrganizatorem\u201d. Wszyscy uczestnicy wycieczek, zwani dalej \u201cUczestnikami\u201d zobowi\u0105zani s\u0105 do przestrzegania niniejszego \u201cRegulaminu uczestnictwa\u201d. Wycieczki nie maj\u0105 charakteru komercyjnego s\u0105 wycieczkami statutowymi [&hellip;]<\/p>\n","protected":false},"author":3,"featured_media":7839,"parent":0,"menu_order":0,"comment_status":"closed","ping_status":"closed","template":"","meta":{"ngg_post_thumbnail":0,"footnotes":""},"class_list":["post-1393","page","type-page","status-publish","has-post-thumbnail","czr-hentry"],"yoast_head":"<!-- This site is optimized with the Yoast SEO plugin v27.4 - https:\/\/yoast.com\/product\/yoast-seo-wordpress\/ -->\n<title>Regulamin - Ko\u0142o Miejskie PTTK w Wodzis\u0142awiu \u015al\u0105skim<\/title>\n<meta name=\"robots\" content=\"index, follow, max-snippet:-1, max-image-preview:large, max-video-preview:-1\" \/>\n<link rel=\"canonical\" href=\"https:\/\/miejskie.wodzislawsl.pttk.pl\/regulamin-wycieczek\/\" \/>\n<meta property=\"og:locale\" content=\"pl_PL\" \/>\n<meta property=\"og:type\" content=\"article\" \/>\n<meta property=\"og:title\" content=\"Regulamin - Ko\u0142o Miejskie PTTK w Wodzis\u0142awiu \u015al\u0105skim\" \/>\n<meta property=\"og:description\" content=\"Regulamin uczestnictwa w wycieczkach organizowanych przez Ko\u0142o Miejskie PTTK Oddzia\u0142 Wodzis\u0142aw \u015al\u0105ski &nbsp; I. INFORMACJE OG\u00d3LNE Niniejszy regulamin uczestnictwa dotyczy wszystkich wycieczek organizowanych przez&nbsp; Zarz\u0105d Ko\u0142a Miejskie PTTK Oddzia\u0142 Wodzis\u0142aw \u015al\u0105ski zwany dalej \u201cOrganizatorem\u201d. Wszyscy uczestnicy wycieczek, zwani dalej \u201cUczestnikami\u201d zobowi\u0105zani s\u0105 do przestrzegania niniejszego \u201cRegulaminu uczestnictwa\u201d. Wycieczki nie maj\u0105 charakteru komercyjnego s\u0105 wycieczkami statutowymi [&hellip;]\" \/>\n<meta property=\"og:url\" content=\"https:\/\/miejskie.wodzislawsl.pttk.pl\/regulamin-wycieczek\/\" \/>\n<meta property=\"og:site_name\" content=\"Ko\u0142o Miejskie PTTK w Wodzis\u0142awiu \u015al\u0105skim\" \/>\n<meta property=\"article:publisher\" content=\"https:\/\/www.facebook.com\/pttk.wodzislawsl\/\" \/>\n<meta property=\"article:modified_time\" content=\"2025-02-22T08:20:08+00:00\" \/>\n<meta property=\"og:image\" content=\"https:\/\/miejskie.wodzislawsl.pttk.pl\/wpa\/wp-content\/uploads\/2024\/07\/Klimczok-i-Szyndzielnia-Kazimierz-Janota-19.jpeg\" \/>\n\t<meta property=\"og:image:width\" content=\"1600\" \/>\n\t<meta property=\"og:image:height\" content=\"1066\" \/>\n\t<meta property=\"og:image:type\" content=\"image\/jpeg\" \/>\n<script type=\"application\/ld+json\" class=\"yoast-schema-graph\">{\"@context\":\"https:\\\/\\\/schema.org\",\"@graph\":[{\"@type\":\"WebPage\",\"@id\":\"https:\\\/\\\/miejskie.wodzislawsl.pttk.pl\\\/regulamin-wycieczek\\\/\",\"url\":\"https:\\\/\\\/miejskie.wodzislawsl.pttk.pl\\\/regulamin-wycieczek\\\/\",\"name\":\"Regulamin - Ko\u0142o Miejskie PTTK w Wodzis\u0142awiu \u015al\u0105skim\",\"isPartOf\":{\"@id\":\"https:\\\/\\\/miejskie.wodzislawsl.pttk.pl\\\/#website\"},\"primaryImageOfPage\":{\"@id\":\"https:\\\/\\\/miejskie.wodzislawsl.pttk.pl\\\/regulamin-wycieczek\\\/#primaryimage\"},\"image\":{\"@id\":\"https:\\\/\\\/miejskie.wodzislawsl.pttk.pl\\\/regulamin-wycieczek\\\/#primaryimage\"},\"thumbnailUrl\":\"https:\\\/\\\/miejskie.wodzislawsl.pttk.pl\\\/wpa\\\/wp-content\\\/uploads\\\/2024\\\/07\\\/Klimczok-i-Szyndzielnia-Kazimierz-Janota-19.jpeg\",\"datePublished\":\"2024-02-12T22:21:50+00:00\",\"dateModified\":\"2025-02-22T08:20:08+00:00\",\"breadcrumb\":{\"@id\":\"https:\\\/\\\/miejskie.wodzislawsl.pttk.pl\\\/regulamin-wycieczek\\\/#breadcrumb\"},\"inLanguage\":\"pl-PL\",\"potentialAction\":[{\"@type\":\"ReadAction\",\"target\":[\"https:\\\/\\\/miejskie.wodzislawsl.pttk.pl\\\/regulamin-wycieczek\\\/\"]}]},{\"@type\":\"ImageObject\",\"inLanguage\":\"pl-PL\",\"@id\":\"https:\\\/\\\/miejskie.wodzislawsl.pttk.pl\\\/regulamin-wycieczek\\\/#primaryimage\",\"url\":\"https:\\\/\\\/miejskie.wodzislawsl.pttk.pl\\\/wpa\\\/wp-content\\\/uploads\\\/2024\\\/07\\\/Klimczok-i-Szyndzielnia-Kazimierz-Janota-19.jpeg\",\"contentUrl\":\"https:\\\/\\\/miejskie.wodzislawsl.pttk.pl\\\/wpa\\\/wp-content\\\/uploads\\\/2024\\\/07\\\/Klimczok-i-Szyndzielnia-Kazimierz-Janota-19.jpeg\",\"width\":1600,\"height\":1066},{\"@type\":\"BreadcrumbList\",\"@id\":\"https:\\\/\\\/miejskie.wodzislawsl.pttk.pl\\\/regulamin-wycieczek\\\/#breadcrumb\",\"itemListElement\":[{\"@type\":\"ListItem\",\"position\":1,\"name\":\"Strona g\u0142\u00f3wna\",\"item\":\"https:\\\/\\\/miejskie.wodzislawsl.pttk.pl\\\/\"},{\"@type\":\"ListItem\",\"position\":2,\"name\":\"Regulamin\"}]},{\"@type\":\"WebSite\",\"@id\":\"https:\\\/\\\/miejskie.wodzislawsl.pttk.pl\\\/#website\",\"url\":\"https:\\\/\\\/miejskie.wodzislawsl.pttk.pl\\\/\",\"name\":\"Ko\u0142o Miejskie PTTK w Wodzis\u0142awiu \u015al\u0105skim\",\"description\":\"PTTK Oddzia\u0142 w Wodzis\u0142awiu \u015al\u0105skim\",\"publisher\":{\"@id\":\"https:\\\/\\\/miejskie.wodzislawsl.pttk.pl\\\/#organization\"},\"potentialAction\":[{\"@type\":\"SearchAction\",\"target\":{\"@type\":\"EntryPoint\",\"urlTemplate\":\"https:\\\/\\\/miejskie.wodzislawsl.pttk.pl\\\/?s={search_term_string}\"},\"query-input\":{\"@type\":\"PropertyValueSpecification\",\"valueRequired\":true,\"valueName\":\"search_term_string\"}}],\"inLanguage\":\"pl-PL\"},{\"@type\":\"Organization\",\"@id\":\"https:\\\/\\\/miejskie.wodzislawsl.pttk.pl\\\/#organization\",\"name\":\"Ko\u0142o Miejskie PTTK w Wodzis\u0142awiu \u015al\u0105skim\",\"url\":\"https:\\\/\\\/miejskie.wodzislawsl.pttk.pl\\\/\",\"logo\":{\"@type\":\"ImageObject\",\"inLanguage\":\"pl-PL\",\"@id\":\"https:\\\/\\\/miejskie.wodzislawsl.pttk.pl\\\/#\\\/schema\\\/logo\\\/image\\\/\",\"url\":\"https:\\\/\\\/miejskie.wodzislawsl.pttk.pl\\\/wpa\\\/wp-content\\\/uploads\\\/2024\\\/01\\\/PTTK-125.png\",\"contentUrl\":\"https:\\\/\\\/miejskie.wodzislawsl.pttk.pl\\\/wpa\\\/wp-content\\\/uploads\\\/2024\\\/01\\\/PTTK-125.png\",\"width\":125,\"height\":125,\"caption\":\"Ko\u0142o Miejskie PTTK w Wodzis\u0142awiu \u015al\u0105skim\"},\"image\":{\"@id\":\"https:\\\/\\\/miejskie.wodzislawsl.pttk.pl\\\/#\\\/schema\\\/logo\\\/image\\\/\"},\"sameAs\":[\"https:\\\/\\\/www.facebook.com\\\/pttk.wodzislawsl\\\/\"]}]}<\/script>\n<!-- \/ Yoast SEO plugin. -->","yoast_head_json":{"title":"Regulamin - Ko\u0142o Miejskie PTTK w Wodzis\u0142awiu \u015al\u0105skim","robots":{"index":"index","follow":"follow","max-snippet":"max-snippet:-1","max-image-preview":"max-image-preview:large","max-video-preview":"max-video-preview:-1"},"canonical":"https:\/\/miejskie.wodzislawsl.pttk.pl\/regulamin-wycieczek\/","og_locale":"pl_PL","og_type":"article","og_title":"Regulamin - Ko\u0142o Miejskie PTTK w Wodzis\u0142awiu \u015al\u0105skim","og_description":"Regulamin uczestnictwa w wycieczkach organizowanych przez Ko\u0142o Miejskie PTTK Oddzia\u0142 Wodzis\u0142aw \u015al\u0105ski &nbsp; I. INFORMACJE OG\u00d3LNE Niniejszy regulamin uczestnictwa dotyczy wszystkich wycieczek organizowanych przez&nbsp; Zarz\u0105d Ko\u0142a Miejskie PTTK Oddzia\u0142 Wodzis\u0142aw \u015al\u0105ski zwany dalej \u201cOrganizatorem\u201d. Wszyscy uczestnicy wycieczek, zwani dalej \u201cUczestnikami\u201d zobowi\u0105zani s\u0105 do przestrzegania niniejszego \u201cRegulaminu uczestnictwa\u201d. Wycieczki nie maj\u0105 charakteru komercyjnego s\u0105 wycieczkami statutowymi [&hellip;]","og_url":"https:\/\/miejskie.wodzislawsl.pttk.pl\/regulamin-wycieczek\/","og_site_name":"Ko\u0142o Miejskie PTTK w Wodzis\u0142awiu \u015al\u0105skim","article_publisher":"https:\/\/www.facebook.com\/pttk.wodzislawsl\/","article_modified_time":"2025-02-22T08:20:08+00:00","og_image":[{"width":1600,"height":1066,"url":"https:\/\/miejskie.wodzislawsl.pttk.pl\/wpa\/wp-content\/uploads\/2024\/07\/Klimczok-i-Szyndzielnia-Kazimierz-Janota-19.jpeg","type":"image\/jpeg"}],"schema":{"@context":"https:\/\/schema.org","@graph":[{"@type":"WebPage","@id":"https:\/\/miejskie.wodzislawsl.pttk.pl\/regulamin-wycieczek\/","url":"https:\/\/miejskie.wodzislawsl.pttk.pl\/regulamin-wycieczek\/","name":"Regulamin - Ko\u0142o Miejskie PTTK w Wodzis\u0142awiu \u015al\u0105skim","isPartOf":{"@id":"https:\/\/miejskie.wodzislawsl.pttk.pl\/#website"},"primaryImageOfPage":{"@id":"https:\/\/miejskie.wodzislawsl.pttk.pl\/regulamin-wycieczek\/#primaryimage"},"image":{"@id":"https:\/\/miejskie.wodzislawsl.pttk.pl\/regulamin-wycieczek\/#primaryimage"},"thumbnailUrl":"https:\/\/miejskie.wodzislawsl.pttk.pl\/wpa\/wp-content\/uploads\/2024\/07\/Klimczok-i-Szyndzielnia-Kazimierz-Janota-19.jpeg","datePublished":"2024-02-12T22:21:50+00:00","dateModified":"2025-02-22T08:20:08+00:00","breadcrumb":{"@id":"https:\/\/miejskie.wodzislawsl.pttk.pl\/regulamin-wycieczek\/#breadcrumb"},"inLanguage":"pl-PL","potentialAction":[{"@type":"ReadAction","target":["https:\/\/miejskie.wodzislawsl.pttk.pl\/regulamin-wycieczek\/"]}]},{"@type":"ImageObject","inLanguage":"pl-PL","@id":"https:\/\/miejskie.wodzislawsl.pttk.pl\/regulamin-wycieczek\/#primaryimage","url":"https:\/\/miejskie.wodzislawsl.pttk.pl\/wpa\/wp-content\/uploads\/2024\/07\/Klimczok-i-Szyndzielnia-Kazimierz-Janota-19.jpeg","contentUrl":"https:\/\/miejskie.wodzislawsl.pttk.pl\/wpa\/wp-content\/uploads\/2024\/07\/Klimczok-i-Szyndzielnia-Kazimierz-Janota-19.jpeg","width":1600,"height":1066},{"@type":"BreadcrumbList","@id":"https:\/\/miejskie.wodzislawsl.pttk.pl\/regulamin-wycieczek\/#breadcrumb","itemListElement":[{"@type":"ListItem","position":1,"name":"Strona g\u0142\u00f3wna","item":"https:\/\/miejskie.wodzislawsl.pttk.pl\/"},{"@type":"ListItem","position":2,"name":"Regulamin"}]},{"@type":"WebSite","@id":"https:\/\/miejskie.wodzislawsl.pttk.pl\/#website","url":"https:\/\/miejskie.wodzislawsl.pttk.pl\/","name":"Ko\u0142o Miejskie PTTK w Wodzis\u0142awiu \u015al\u0105skim","description":"PTTK Oddzia\u0142 w Wodzis\u0142awiu \u015al\u0105skim","publisher":{"@id":"https:\/\/miejskie.wodzislawsl.pttk.pl\/#organization"},"potentialAction":[{"@type":"SearchAction","target":{"@type":"EntryPoint","urlTemplate":"https:\/\/miejskie.wodzislawsl.pttk.pl\/?s={search_term_string}"},"query-input":{"@type":"PropertyValueSpecification","valueRequired":true,"valueName":"search_term_string"}}],"inLanguage":"pl-PL"},{"@type":"Organization","@id":"https:\/\/miejskie.wodzislawsl.pttk.pl\/#organization","name":"Ko\u0142o Miejskie PTTK w Wodzis\u0142awiu \u015al\u0105skim","url":"https:\/\/miejskie.wodzislawsl.pttk.pl\/","logo":{"@type":"ImageObject","inLanguage":"pl-PL","@id":"https:\/\/miejskie.wodzislawsl.pttk.pl\/#\/schema\/logo\/image\/","url":"https:\/\/miejskie.wodzislawsl.pttk.pl\/wpa\/wp-content\/uploads\/2024\/01\/PTTK-125.png","contentUrl":"https:\/\/miejskie.wodzislawsl.pttk.pl\/wpa\/wp-content\/uploads\/2024\/01\/PTTK-125.png","width":125,"height":125,"caption":"Ko\u0142o Miejskie PTTK w Wodzis\u0142awiu \u015al\u0105skim"},"image":{"@id":"https:\/\/miejskie.wodzislawsl.pttk.pl\/#\/schema\/logo\/image\/"},"sameAs":["https:\/\/www.facebook.com\/pttk.wodzislawsl\/"]}]}},"_links":{"self":[{"href":"https:\/\/miejskie.wodzislawsl.pttk.pl\/wpa\/wp-json\/wp\/v2\/pages\/1393","targetHints":{"allow":["GET"]}}],"collection":[{"href":"https:\/\/miejskie.wodzislawsl.pttk.pl\/wpa\/wp-json\/wp\/v2\/pages"}],"about":[{"href":"https:\/\/miejskie.wodzislawsl.pttk.pl\/wpa\/wp-json\/wp\/v2\/types\/page"}],"author":[{"embeddable":true,"href":"https:\/\/miejskie.wodzislawsl.pttk.pl\/wpa\/wp-json\/wp\/v2\/users\/3"}],"replies":[{"embeddable":true,"href":"https:\/\/miejskie.wodzislawsl.pttk.pl\/wpa\/wp-json\/wp\/v2\/comments?post=1393"}],"version-history":[{"count":6,"href":"https:\/\/miejskie.wodzislawsl.pttk.pl\/wpa\/wp-json\/wp\/v2\/pages\/1393\/revisions"}],"predecessor-version":[{"id":11793,"href":"https:\/\/miejskie.wodzislawsl.pttk.pl\/wpa\/wp-json\/wp\/v2\/pages\/1393\/revisions\/11793"}],"wp:featuredmedia":[{"embeddable":true,"href":"https:\/\/miejskie.wodzislawsl.pttk.pl\/wpa\/wp-json\/wp\/v2\/media\/7839"}],"wp:attachment":[{"href":"https:\/\/miejskie.wodzislawsl.pttk.pl\/wpa\/wp-json\/wp\/v2\/media?parent=1393"}],"curies":[{"name":"wp","href":"https:\/\/api.w.org\/{rel}","templated":true}]}}