{"id":185,"date":"2024-01-20T16:51:11","date_gmt":"2024-01-20T15:51:11","guid":{"rendered":"https:\/\/miejskie.wodzislawsl.pttk.pl\/wpa\/?page_id=185"},"modified":"2024-01-20T18:20:27","modified_gmt":"2024-01-20T17:20:27","slug":"rodo","status":"publish","type":"page","link":"https:\/\/miejskie.wodzislawsl.pttk.pl\/wpa\/rodo\/","title":{"rendered":"RODO"},"content":{"rendered":"\n<h5 class=\"wp-block-heading has-text-align-center\">Klauzula informacyjna dla cz\u0142onk\u00f3w Polskiego Towarzystwa Turystyczno-Krajoznawczego Oddzia\u0142 Wodzis\u0142aw \u015al\u0105ski<\/h5>\n\n\n\n<p>Zgodnie z art.13 og\u00f3lnego rozporz\u0105dzenia o ochronie danych osobowych z dnia 27 kwietnia 2016 (Dz.Urz. UE L 119 z dnia 04.05.2016) informuj\u0119, \u017ce:<\/p>\n\n\n\n<ol class=\"wp-block-list\">\n<li>Administratorem Pani\/Pana danych osobowych jest Oddzia\u0142 Polskiego Towarzystwa Turystyczno-Krajoznawczego \/zwany dalej Stowarzyszeniem\/, z siedzib\u0105 w Wodzis\u0142awiu \u015al\u0105skim przy ul. Kubsza 15<\/li>\n\n\n\n<li>Dane osobowe s\u0105 przetwarzane przez stowarzyszenie w celu realizacji zada\u0144 statutowych m.in.:<br>a) rozwijania o\u015bwiaty,<br>b) kultury, kultury fizycznej,<br>c) rekreacji,<br>d) ochrony \u015brodowiska,<br>przez turystyk\u0119 i krajoznawstwo<\/li>\n\n\n\n<li>Podstaw\u0105 prawn\u0105 przetwarzania danych osobowych jest:\n<ul class=\"wp-block-list\">\n<li>uzasadniony interes Stowarzyszenia polegaj\u0105cy na realizacji dzia\u0142a\u0144 statutowych &#8211; na podstawie Art.6 ust. 1 lit f RODO,<\/li>\n\n\n\n<li>obowi\u0105zek prawny ci\u0105\u017c\u0105cy na Stowarzyszeniu w zakresie dokumentowania zdarze\u0144 gospodarczych dla cel\u00f3w podatkowych i rachunkowych &#8211; na podstawie Art.6 ust.1 lit. c RODO.<\/li>\n<\/ul>\n<\/li>\n\n\n\n<li>Odbiorcami Pani\/Pana danych osobowych b\u0119d\u0105 wy\u0142\u0105cznie podmioty uprawnione do uzyskania danych osobowych na podstawie prawa oraz w przypadku organizacji wydarze\u0144 wymagaj\u0105cych zawarcia umowy ubezpieczenia &#8211; ubezpieczyciele,<\/li>\n\n\n\n<li>Pani\/Pana dane osobowe b\u0119d\u0105 przechowywane przez okres niezb\u0119dny do zrealizowania cel\u00f3w statutowych. Je\u017celi dane osobowe b\u0119d\u0105 niezb\u0119dne do dokumentowania zdarze\u0144 gospodarczych do cel\u00f3w rachunkowych, dane te w tym zakresie b\u0119d\u0105 przechowywane przez Stowarzyszenie tak d\u0142ugo jak d\u0142ugo b\u0119dzie istnia\u0142 prawny obowi\u0105zek Stowarzyszenia do posiadania dokumentu tych zdarze\u0144,<\/li>\n\n\n\n<li>Posiada Pani\/Pan prawo do \u017c\u0105dania od administratora dost\u0119pu do danych osobowych, prawo do ich sprostowania, usuni\u0119cia lub ograniczenia przetwarzania.<\/li>\n\n\n\n<li>Ma Pani\/Pan prawo wniesienia skargi do organu nadzorczego.<\/li>\n\n\n\n<li>Podanie danych osobowych jest dobrowolne, jednak\u017ce niepodanie danych mo\u017ce skutkowa\u0107 brakiem mo\u017cliwo\u015bci cz\u0142onkostwa w Stowarzyszeniu lub brakiem mo\u017cliwo\u015bci uczestnictwa w wydarzeniach organizowanych przez Stowarzyszenie.<\/li>\n<\/ol>\n","protected":false},"excerpt":{"rendered":"<p>Klauzula informacyjna dla cz\u0142onk\u00f3w Polskiego Towarzystwa Turystyczno-Krajoznawczego Oddzia\u0142 Wodzis\u0142aw \u015al\u0105ski Zgodnie z art.13 og\u00f3lnego rozporz\u0105dzenia o ochronie danych osobowych z dnia 27 kwietnia 2016 (Dz.Urz. UE L 119 z dnia 04.05.2016) informuj\u0119, \u017ce:<\/p>\n","protected":false},"author":1,"featured_media":0,"parent":0,"menu_order":0,"comment_status":"closed","ping_status":"closed","template":"","meta":{"ngg_post_thumbnail":0,"footnotes":""},"class_list":["post-185","page","type-page","status-publish","czr-hentry"],"yoast_head":"<!-- This site is optimized with the Yoast SEO plugin v27.4 - https:\/\/yoast.com\/product\/yoast-seo-wordpress\/ -->\n<title>RODO - Ko\u0142o Miejskie PTTK w Wodzis\u0142awiu \u015al\u0105skim<\/title>\n<meta name=\"robots\" content=\"index, follow, max-snippet:-1, max-image-preview:large, max-video-preview:-1\" \/>\n<link rel=\"canonical\" href=\"https:\/\/miejskie.wodzislawsl.pttk.pl\/wpa\/rodo\/\" \/>\n<meta property=\"og:locale\" content=\"pl_PL\" \/>\n<meta property=\"og:type\" content=\"article\" \/>\n<meta property=\"og:title\" content=\"RODO - Ko\u0142o Miejskie PTTK w Wodzis\u0142awiu \u015al\u0105skim\" \/>\n<meta property=\"og:description\" content=\"Klauzula informacyjna dla cz\u0142onk\u00f3w Polskiego Towarzystwa Turystyczno-Krajoznawczego Oddzia\u0142 Wodzis\u0142aw \u015al\u0105ski Zgodnie z art.13 og\u00f3lnego rozporz\u0105dzenia o ochronie danych osobowych z dnia 27 kwietnia 2016 (Dz.Urz. UE L 119 z dnia 04.05.2016) informuj\u0119, \u017ce:\" \/>\n<meta property=\"og:url\" content=\"https:\/\/miejskie.wodzislawsl.pttk.pl\/wpa\/rodo\/\" \/>\n<meta property=\"og:site_name\" content=\"Ko\u0142o Miejskie PTTK w Wodzis\u0142awiu \u015al\u0105skim\" \/>\n<meta property=\"article:publisher\" content=\"https:\/\/www.facebook.com\/pttk.wodzislawsl\/\" \/>\n<meta property=\"article:modified_time\" content=\"2024-01-20T17:20:27+00:00\" \/>\n<script type=\"application\/ld+json\" class=\"yoast-schema-graph\">{\"@context\":\"https:\\\/\\\/schema.org\",\"@graph\":[{\"@type\":\"WebPage\",\"@id\":\"https:\\\/\\\/miejskie.wodzislawsl.pttk.pl\\\/wpa\\\/rodo\\\/\",\"url\":\"https:\\\/\\\/miejskie.wodzislawsl.pttk.pl\\\/wpa\\\/rodo\\\/\",\"name\":\"RODO - Ko\u0142o Miejskie PTTK w Wodzis\u0142awiu \u015al\u0105skim\",\"isPartOf\":{\"@id\":\"https:\\\/\\\/miejskie.wodzislawsl.pttk.pl\\\/#website\"},\"datePublished\":\"2024-01-20T15:51:11+00:00\",\"dateModified\":\"2024-01-20T17:20:27+00:00\",\"breadcrumb\":{\"@id\":\"https:\\\/\\\/miejskie.wodzislawsl.pttk.pl\\\/wpa\\\/rodo\\\/#breadcrumb\"},\"inLanguage\":\"pl-PL\",\"potentialAction\":[{\"@type\":\"ReadAction\",\"target\":[\"https:\\\/\\\/miejskie.wodzislawsl.pttk.pl\\\/wpa\\\/rodo\\\/\"]}]},{\"@type\":\"BreadcrumbList\",\"@id\":\"https:\\\/\\\/miejskie.wodzislawsl.pttk.pl\\\/wpa\\\/rodo\\\/#breadcrumb\",\"itemListElement\":[{\"@type\":\"ListItem\",\"position\":1,\"name\":\"Strona g\u0142\u00f3wna\",\"item\":\"https:\\\/\\\/miejskie.wodzislawsl.pttk.pl\\\/\"},{\"@type\":\"ListItem\",\"position\":2,\"name\":\"RODO\"}]},{\"@type\":\"WebSite\",\"@id\":\"https:\\\/\\\/miejskie.wodzislawsl.pttk.pl\\\/#website\",\"url\":\"https:\\\/\\\/miejskie.wodzislawsl.pttk.pl\\\/\",\"name\":\"Ko\u0142o Miejskie PTTK w Wodzis\u0142awiu \u015al\u0105skim\",\"description\":\"PTTK Oddzia\u0142 w Wodzis\u0142awiu \u015al\u0105skim\",\"publisher\":{\"@id\":\"https:\\\/\\\/miejskie.wodzislawsl.pttk.pl\\\/#organization\"},\"potentialAction\":[{\"@type\":\"SearchAction\",\"target\":{\"@type\":\"EntryPoint\",\"urlTemplate\":\"https:\\\/\\\/miejskie.wodzislawsl.pttk.pl\\\/?s={search_term_string}\"},\"query-input\":{\"@type\":\"PropertyValueSpecification\",\"valueRequired\":true,\"valueName\":\"search_term_string\"}}],\"inLanguage\":\"pl-PL\"},{\"@type\":\"Organization\",\"@id\":\"https:\\\/\\\/miejskie.wodzislawsl.pttk.pl\\\/#organization\",\"name\":\"Ko\u0142o Miejskie PTTK w Wodzis\u0142awiu \u015al\u0105skim\",\"url\":\"https:\\\/\\\/miejskie.wodzislawsl.pttk.pl\\\/\",\"logo\":{\"@type\":\"ImageObject\",\"inLanguage\":\"pl-PL\",\"@id\":\"https:\\\/\\\/miejskie.wodzislawsl.pttk.pl\\\/#\\\/schema\\\/logo\\\/image\\\/\",\"url\":\"https:\\\/\\\/miejskie.wodzislawsl.pttk.pl\\\/wpa\\\/wp-content\\\/uploads\\\/2024\\\/01\\\/PTTK-125.png\",\"contentUrl\":\"https:\\\/\\\/miejskie.wodzislawsl.pttk.pl\\\/wpa\\\/wp-content\\\/uploads\\\/2024\\\/01\\\/PTTK-125.png\",\"width\":125,\"height\":125,\"caption\":\"Ko\u0142o Miejskie PTTK w Wodzis\u0142awiu \u015al\u0105skim\"},\"image\":{\"@id\":\"https:\\\/\\\/miejskie.wodzislawsl.pttk.pl\\\/#\\\/schema\\\/logo\\\/image\\\/\"},\"sameAs\":[\"https:\\\/\\\/www.facebook.com\\\/pttk.wodzislawsl\\\/\"]}]}<\/script>\n<!-- \/ Yoast SEO plugin. -->","yoast_head_json":{"title":"RODO - Ko\u0142o Miejskie PTTK w Wodzis\u0142awiu \u015al\u0105skim","robots":{"index":"index","follow":"follow","max-snippet":"max-snippet:-1","max-image-preview":"max-image-preview:large","max-video-preview":"max-video-preview:-1"},"canonical":"https:\/\/miejskie.wodzislawsl.pttk.pl\/wpa\/rodo\/","og_locale":"pl_PL","og_type":"article","og_title":"RODO - Ko\u0142o Miejskie PTTK w Wodzis\u0142awiu \u015al\u0105skim","og_description":"Klauzula informacyjna dla cz\u0142onk\u00f3w Polskiego Towarzystwa Turystyczno-Krajoznawczego Oddzia\u0142 Wodzis\u0142aw \u015al\u0105ski Zgodnie z art.13 og\u00f3lnego rozporz\u0105dzenia o ochronie danych osobowych z dnia 27 kwietnia 2016 (Dz.Urz. UE L 119 z dnia 04.05.2016) informuj\u0119, \u017ce:","og_url":"https:\/\/miejskie.wodzislawsl.pttk.pl\/wpa\/rodo\/","og_site_name":"Ko\u0142o Miejskie PTTK w Wodzis\u0142awiu \u015al\u0105skim","article_publisher":"https:\/\/www.facebook.com\/pttk.wodzislawsl\/","article_modified_time":"2024-01-20T17:20:27+00:00","schema":{"@context":"https:\/\/schema.org","@graph":[{"@type":"WebPage","@id":"https:\/\/miejskie.wodzislawsl.pttk.pl\/wpa\/rodo\/","url":"https:\/\/miejskie.wodzislawsl.pttk.pl\/wpa\/rodo\/","name":"RODO - Ko\u0142o Miejskie PTTK w Wodzis\u0142awiu \u015al\u0105skim","isPartOf":{"@id":"https:\/\/miejskie.wodzislawsl.pttk.pl\/#website"},"datePublished":"2024-01-20T15:51:11+00:00","dateModified":"2024-01-20T17:20:27+00:00","breadcrumb":{"@id":"https:\/\/miejskie.wodzislawsl.pttk.pl\/wpa\/rodo\/#breadcrumb"},"inLanguage":"pl-PL","potentialAction":[{"@type":"ReadAction","target":["https:\/\/miejskie.wodzislawsl.pttk.pl\/wpa\/rodo\/"]}]},{"@type":"BreadcrumbList","@id":"https:\/\/miejskie.wodzislawsl.pttk.pl\/wpa\/rodo\/#breadcrumb","itemListElement":[{"@type":"ListItem","position":1,"name":"Strona g\u0142\u00f3wna","item":"https:\/\/miejskie.wodzislawsl.pttk.pl\/"},{"@type":"ListItem","position":2,"name":"RODO"}]},{"@type":"WebSite","@id":"https:\/\/miejskie.wodzislawsl.pttk.pl\/#website","url":"https:\/\/miejskie.wodzislawsl.pttk.pl\/","name":"Ko\u0142o Miejskie PTTK w Wodzis\u0142awiu \u015al\u0105skim","description":"PTTK Oddzia\u0142 w Wodzis\u0142awiu \u015al\u0105skim","publisher":{"@id":"https:\/\/miejskie.wodzislawsl.pttk.pl\/#organization"},"potentialAction":[{"@type":"SearchAction","target":{"@type":"EntryPoint","urlTemplate":"https:\/\/miejskie.wodzislawsl.pttk.pl\/?s={search_term_string}"},"query-input":{"@type":"PropertyValueSpecification","valueRequired":true,"valueName":"search_term_string"}}],"inLanguage":"pl-PL"},{"@type":"Organization","@id":"https:\/\/miejskie.wodzislawsl.pttk.pl\/#organization","name":"Ko\u0142o Miejskie PTTK w Wodzis\u0142awiu \u015al\u0105skim","url":"https:\/\/miejskie.wodzislawsl.pttk.pl\/","logo":{"@type":"ImageObject","inLanguage":"pl-PL","@id":"https:\/\/miejskie.wodzislawsl.pttk.pl\/#\/schema\/logo\/image\/","url":"https:\/\/miejskie.wodzislawsl.pttk.pl\/wpa\/wp-content\/uploads\/2024\/01\/PTTK-125.png","contentUrl":"https:\/\/miejskie.wodzislawsl.pttk.pl\/wpa\/wp-content\/uploads\/2024\/01\/PTTK-125.png","width":125,"height":125,"caption":"Ko\u0142o Miejskie PTTK w Wodzis\u0142awiu \u015al\u0105skim"},"image":{"@id":"https:\/\/miejskie.wodzislawsl.pttk.pl\/#\/schema\/logo\/image\/"},"sameAs":["https:\/\/www.facebook.com\/pttk.wodzislawsl\/"]}]}},"_links":{"self":[{"href":"https:\/\/miejskie.wodzislawsl.pttk.pl\/wpa\/wp-json\/wp\/v2\/pages\/185","targetHints":{"allow":["GET"]}}],"collection":[{"href":"https:\/\/miejskie.wodzislawsl.pttk.pl\/wpa\/wp-json\/wp\/v2\/pages"}],"about":[{"href":"https:\/\/miejskie.wodzislawsl.pttk.pl\/wpa\/wp-json\/wp\/v2\/types\/page"}],"author":[{"embeddable":true,"href":"https:\/\/miejskie.wodzislawsl.pttk.pl\/wpa\/wp-json\/wp\/v2\/users\/1"}],"replies":[{"embeddable":true,"href":"https:\/\/miejskie.wodzislawsl.pttk.pl\/wpa\/wp-json\/wp\/v2\/comments?post=185"}],"version-history":[{"count":3,"href":"https:\/\/miejskie.wodzislawsl.pttk.pl\/wpa\/wp-json\/wp\/v2\/pages\/185\/revisions"}],"predecessor-version":[{"id":253,"href":"https:\/\/miejskie.wodzislawsl.pttk.pl\/wpa\/wp-json\/wp\/v2\/pages\/185\/revisions\/253"}],"wp:attachment":[{"href":"https:\/\/miejskie.wodzislawsl.pttk.pl\/wpa\/wp-json\/wp\/v2\/media?parent=185"}],"curies":[{"name":"wp","href":"https:\/\/api.w.org\/{rel}","templated":true}]}}