{"id":81,"date":"2024-01-20T15:10:49","date_gmt":"2024-01-20T14:10:49","guid":{"rendered":"https:\/\/miejskie.wodzislawsl.pttk.pl\/wpa\/?page_id=81"},"modified":"2024-01-22T09:44:31","modified_gmt":"2024-01-22T08:44:31","slug":"linki","status":"publish","type":"page","link":"https:\/\/miejskie.wodzislawsl.pttk.pl\/wpa\/linki\/","title":{"rendered":"Linki"},"content":{"rendered":"\n<figure class=\"wp-block-table is-style-stripes\"><table class=\"has-background\" style=\"background-color:#0792e32b\"><thead><tr><th class=\"has-text-align-left\" data-align=\"left\">L.p.<\/th><th class=\"has-text-align-left\" data-align=\"left\">Link<\/th><\/tr><\/thead><tbody><tr><td class=\"has-text-align-left\" data-align=\"left\">1.<\/td><td class=\"has-text-align-left\" data-align=\"left\"><a href=\"http:\/\/pttk.pl\/\" target=\"_blank\" rel=\"noreferrer noopener\">Zarz\u0105d G\u0142\u00f3wny PTTK<\/a><\/td><\/tr><tr><td class=\"has-text-align-left\" data-align=\"left\">2.<\/td><td class=\"has-text-align-left\" data-align=\"left\"><a href=\"https:\/\/turysta.pttk.pl\/\" target=\"_blank\" rel=\"noreferrer noopener\">TURYSTA Czasopismo turystyczno-krajoznawcze<\/a><\/td><\/tr><tr><td class=\"has-text-align-left\" data-align=\"left\">3.<\/td><td class=\"has-text-align-left\" data-align=\"left\"><a href=\"http:\/\/ktg.pttk.pl\/\" target=\"_blank\" rel=\"noreferrer noopener\">Komisja Turystyki G\u00f3rskiej ZG PTTK<\/a><\/td><\/tr><tr><td class=\"has-text-align-left\" data-align=\"left\">4.<\/td><td class=\"has-text-align-left\" data-align=\"left\"><a href=\"http:\/\/ktp.pttk.pl\" target=\"_blank\" rel=\"noreferrer noopener\">Komisja Turystyki Pieszej ZG PTTK<\/a><\/td><\/tr><tr><td class=\"has-text-align-left\" data-align=\"left\">5.<\/td><td class=\"has-text-align-left\" data-align=\"left\"><a href=\"https:\/\/pttk.pl\/komisje-rady-zespoly\/\" target=\"_blank\" rel=\"noreferrer noopener\">Komisja Krajoznawcza ZG PTTK<\/a><\/td><\/tr><tr><td class=\"has-text-align-left\" data-align=\"left\">6.<\/td><td class=\"has-text-align-left\" data-align=\"left\"><a href=\"http:\/\/kop.pttk.pl\/\" target=\"_blank\" rel=\"noreferrer noopener\">Komisja Ochrony Przyrody ZG PTTK<\/a><\/td><\/tr><tr><td class=\"has-text-align-left\" data-align=\"left\">7.<\/td><td class=\"has-text-align-left\" data-align=\"left\"><a href=\"http:\/\/ktkol.pl\/\" target=\"_blank\" rel=\"noreferrer noopener\">Komisja Turystyki Kolarskiej ZG PTTK<\/a><\/td><\/tr><tr><td class=\"has-text-align-left\" data-align=\"left\">8.<\/td><td class=\"has-text-align-left\" data-align=\"left\"><a href=\"http:\/\/cotg.pttk.pl\/\" target=\"_blank\" rel=\"noreferrer noopener\">Centralny O\u015brodek Turystyki G\u00f3rskiej PTTK<\/a><\/td><\/tr><tr><td class=\"has-text-align-left\" data-align=\"left\">9.<\/td><td class=\"has-text-align-left\" data-align=\"left\"><a href=\"https:\/\/cotg.pttk.pl\/odznaki\/got\/trasy-gorskie-poza-granicami-polski\/\" target=\"_blank\" rel=\"noreferrer noopener\">Punktacja tras do GOT poza granicami Polski<\/a><\/td><\/tr><tr><td class=\"has-text-align-left\" data-align=\"left\">10.<\/td><td class=\"has-text-align-left\" data-align=\"left\"><a href=\"https:\/\/geoserwis.gdos.gov.pl\/mapy\/\" target=\"_blank\" rel=\"noreferrer noopener\">Geoserwis Generalnej Dyrekcji Ochrony \u015arodowiska<\/a><\/td><\/tr><tr><td class=\"has-text-align-left\" data-align=\"left\">11.<\/td><td class=\"has-text-align-left\" data-align=\"left\"><a href=\"http:\/\/mapa-turystyczna.pl\" target=\"_blank\" rel=\"noreferrer noopener\">Mapa Turystyczna<\/a><\/td><\/tr><tr><td class=\"has-text-align-left\" data-align=\"left\">12.<\/td><td class=\"has-text-align-left\" data-align=\"left\"><a href=\"http:\/\/mtbmap.cz\/\" target=\"_blank\" rel=\"noreferrer noopener\">Mapa rowerowa Europy<\/a><\/td><\/tr><tr><td class=\"has-text-align-left\" data-align=\"left\">13.<\/td><td class=\"has-text-align-left\" data-align=\"left\"><a href=\"https:\/\/mapy.cz\/\" target=\"_blank\" rel=\"noreferrer noopener\">Turystyczna mapa Czech<\/a><\/td><\/tr><tr><td class=\"has-text-align-left\" data-align=\"left\">15.<\/td><td class=\"has-text-align-left\" data-align=\"left\"><a href=\"https:\/\/mapy.dennikn.sk\/\" target=\"_blank\" rel=\"noreferrer noopener\">Turystyczna mapa S\u0142owacji<\/a><\/td><\/tr><tr><td class=\"has-text-align-left\" data-align=\"left\">16.<\/td><td class=\"has-text-align-left\" data-align=\"left\"><a href=\"https:\/\/wodzislaw-slaski.pl\/\" target=\"_blank\" rel=\"noreferrer noopener\">Urz\u0105d Miasta Wodzis\u0142aw \u015al\u0105ski<\/a><\/td><\/tr><tr><td class=\"has-text-align-left\" data-align=\"left\">17.<\/td><td class=\"has-text-align-left\" data-align=\"left\"><a href=\"http:\/\/powiatwodzislawski.pl\/\" target=\"_blank\" rel=\"noreferrer noopener\">Starostwo Powiatowe w Wodzis\u0142awiu \u015al\u0105skim<\/a><\/td><\/tr><\/tbody><\/table><\/figure>\n","protected":false},"excerpt":{"rendered":"<p>L.p. Link 1. Zarz\u0105d G\u0142\u00f3wny PTTK 2. TURYSTA Czasopismo turystyczno-krajoznawcze 3. Komisja Turystyki G\u00f3rskiej ZG PTTK 4. Komisja Turystyki Pieszej ZG PTTK 5. Komisja Krajoznawcza ZG PTTK 6. Komisja Ochrony Przyrody ZG PTTK 7. Komisja Turystyki Kolarskiej ZG PTTK 8. Centralny O\u015brodek Turystyki G\u00f3rskiej PTTK 9. Punktacja tras do GOT poza granicami Polski 10. Geoserwis [&hellip;]<\/p>\n","protected":false},"author":1,"featured_media":0,"parent":0,"menu_order":0,"comment_status":"closed","ping_status":"closed","template":"","meta":{"ngg_post_thumbnail":0,"footnotes":""},"class_list":["post-81","page","type-page","status-publish","czr-hentry"],"yoast_head":"<!-- This site is optimized with the Yoast SEO plugin v27.4 - https:\/\/yoast.com\/product\/yoast-seo-wordpress\/ -->\n<title>Linki - Ko\u0142o Miejskie PTTK w Wodzis\u0142awiu \u015al\u0105skim<\/title>\n<meta name=\"robots\" content=\"index, follow, max-snippet:-1, max-image-preview:large, max-video-preview:-1\" \/>\n<link rel=\"canonical\" href=\"https:\/\/miejskie.wodzislawsl.pttk.pl\/wpa\/linki\/\" \/>\n<meta property=\"og:locale\" content=\"pl_PL\" \/>\n<meta property=\"og:type\" content=\"article\" \/>\n<meta property=\"og:title\" content=\"Linki - Ko\u0142o Miejskie PTTK w Wodzis\u0142awiu \u015al\u0105skim\" \/>\n<meta property=\"og:description\" content=\"L.p. Link 1. Zarz\u0105d G\u0142\u00f3wny PTTK 2. TURYSTA Czasopismo turystyczno-krajoznawcze 3. Komisja Turystyki G\u00f3rskiej ZG PTTK 4. Komisja Turystyki Pieszej ZG PTTK 5. Komisja Krajoznawcza ZG PTTK 6. Komisja Ochrony Przyrody ZG PTTK 7. Komisja Turystyki Kolarskiej ZG PTTK 8. Centralny O\u015brodek Turystyki G\u00f3rskiej PTTK 9. Punktacja tras do GOT poza granicami Polski 10. Geoserwis [&hellip;]\" \/>\n<meta property=\"og:url\" content=\"https:\/\/miejskie.wodzislawsl.pttk.pl\/wpa\/linki\/\" \/>\n<meta property=\"og:site_name\" content=\"Ko\u0142o Miejskie PTTK w Wodzis\u0142awiu \u015al\u0105skim\" \/>\n<meta property=\"article:publisher\" content=\"https:\/\/www.facebook.com\/pttk.wodzislawsl\/\" \/>\n<meta property=\"article:modified_time\" content=\"2024-01-22T08:44:31+00:00\" \/>\n<script type=\"application\/ld+json\" class=\"yoast-schema-graph\">{\"@context\":\"https:\\\/\\\/schema.org\",\"@graph\":[{\"@type\":\"WebPage\",\"@id\":\"https:\\\/\\\/miejskie.wodzislawsl.pttk.pl\\\/wpa\\\/linki\\\/\",\"url\":\"https:\\\/\\\/miejskie.wodzislawsl.pttk.pl\\\/wpa\\\/linki\\\/\",\"name\":\"Linki - Ko\u0142o Miejskie PTTK w Wodzis\u0142awiu \u015al\u0105skim\",\"isPartOf\":{\"@id\":\"https:\\\/\\\/miejskie.wodzislawsl.pttk.pl\\\/#website\"},\"datePublished\":\"2024-01-20T14:10:49+00:00\",\"dateModified\":\"2024-01-22T08:44:31+00:00\",\"breadcrumb\":{\"@id\":\"https:\\\/\\\/miejskie.wodzislawsl.pttk.pl\\\/wpa\\\/linki\\\/#breadcrumb\"},\"inLanguage\":\"pl-PL\",\"potentialAction\":[{\"@type\":\"ReadAction\",\"target\":[\"https:\\\/\\\/miejskie.wodzislawsl.pttk.pl\\\/wpa\\\/linki\\\/\"]}]},{\"@type\":\"BreadcrumbList\",\"@id\":\"https:\\\/\\\/miejskie.wodzislawsl.pttk.pl\\\/wpa\\\/linki\\\/#breadcrumb\",\"itemListElement\":[{\"@type\":\"ListItem\",\"position\":1,\"name\":\"Strona g\u0142\u00f3wna\",\"item\":\"https:\\\/\\\/miejskie.wodzislawsl.pttk.pl\\\/\"},{\"@type\":\"ListItem\",\"position\":2,\"name\":\"Linki\"}]},{\"@type\":\"WebSite\",\"@id\":\"https:\\\/\\\/miejskie.wodzislawsl.pttk.pl\\\/#website\",\"url\":\"https:\\\/\\\/miejskie.wodzislawsl.pttk.pl\\\/\",\"name\":\"Ko\u0142o Miejskie PTTK w Wodzis\u0142awiu \u015al\u0105skim\",\"description\":\"PTTK Oddzia\u0142 w Wodzis\u0142awiu \u015al\u0105skim\",\"publisher\":{\"@id\":\"https:\\\/\\\/miejskie.wodzislawsl.pttk.pl\\\/#organization\"},\"potentialAction\":[{\"@type\":\"SearchAction\",\"target\":{\"@type\":\"EntryPoint\",\"urlTemplate\":\"https:\\\/\\\/miejskie.wodzislawsl.pttk.pl\\\/?s={search_term_string}\"},\"query-input\":{\"@type\":\"PropertyValueSpecification\",\"valueRequired\":true,\"valueName\":\"search_term_string\"}}],\"inLanguage\":\"pl-PL\"},{\"@type\":\"Organization\",\"@id\":\"https:\\\/\\\/miejskie.wodzislawsl.pttk.pl\\\/#organization\",\"name\":\"Ko\u0142o Miejskie PTTK w Wodzis\u0142awiu \u015al\u0105skim\",\"url\":\"https:\\\/\\\/miejskie.wodzislawsl.pttk.pl\\\/\",\"logo\":{\"@type\":\"ImageObject\",\"inLanguage\":\"pl-PL\",\"@id\":\"https:\\\/\\\/miejskie.wodzislawsl.pttk.pl\\\/#\\\/schema\\\/logo\\\/image\\\/\",\"url\":\"https:\\\/\\\/miejskie.wodzislawsl.pttk.pl\\\/wpa\\\/wp-content\\\/uploads\\\/2024\\\/01\\\/PTTK-125.png\",\"contentUrl\":\"https:\\\/\\\/miejskie.wodzislawsl.pttk.pl\\\/wpa\\\/wp-content\\\/uploads\\\/2024\\\/01\\\/PTTK-125.png\",\"width\":125,\"height\":125,\"caption\":\"Ko\u0142o Miejskie PTTK w Wodzis\u0142awiu \u015al\u0105skim\"},\"image\":{\"@id\":\"https:\\\/\\\/miejskie.wodzislawsl.pttk.pl\\\/#\\\/schema\\\/logo\\\/image\\\/\"},\"sameAs\":[\"https:\\\/\\\/www.facebook.com\\\/pttk.wodzislawsl\\\/\"]}]}<\/script>\n<!-- \/ Yoast SEO plugin. -->","yoast_head_json":{"title":"Linki - Ko\u0142o Miejskie PTTK w Wodzis\u0142awiu \u015al\u0105skim","robots":{"index":"index","follow":"follow","max-snippet":"max-snippet:-1","max-image-preview":"max-image-preview:large","max-video-preview":"max-video-preview:-1"},"canonical":"https:\/\/miejskie.wodzislawsl.pttk.pl\/wpa\/linki\/","og_locale":"pl_PL","og_type":"article","og_title":"Linki - Ko\u0142o Miejskie PTTK w Wodzis\u0142awiu \u015al\u0105skim","og_description":"L.p. Link 1. Zarz\u0105d G\u0142\u00f3wny PTTK 2. TURYSTA Czasopismo turystyczno-krajoznawcze 3. Komisja Turystyki G\u00f3rskiej ZG PTTK 4. Komisja Turystyki Pieszej ZG PTTK 5. Komisja Krajoznawcza ZG PTTK 6. Komisja Ochrony Przyrody ZG PTTK 7. Komisja Turystyki Kolarskiej ZG PTTK 8. Centralny O\u015brodek Turystyki G\u00f3rskiej PTTK 9. Punktacja tras do GOT poza granicami Polski 10. Geoserwis [&hellip;]","og_url":"https:\/\/miejskie.wodzislawsl.pttk.pl\/wpa\/linki\/","og_site_name":"Ko\u0142o Miejskie PTTK w Wodzis\u0142awiu \u015al\u0105skim","article_publisher":"https:\/\/www.facebook.com\/pttk.wodzislawsl\/","article_modified_time":"2024-01-22T08:44:31+00:00","schema":{"@context":"https:\/\/schema.org","@graph":[{"@type":"WebPage","@id":"https:\/\/miejskie.wodzislawsl.pttk.pl\/wpa\/linki\/","url":"https:\/\/miejskie.wodzislawsl.pttk.pl\/wpa\/linki\/","name":"Linki - Ko\u0142o Miejskie PTTK w Wodzis\u0142awiu \u015al\u0105skim","isPartOf":{"@id":"https:\/\/miejskie.wodzislawsl.pttk.pl\/#website"},"datePublished":"2024-01-20T14:10:49+00:00","dateModified":"2024-01-22T08:44:31+00:00","breadcrumb":{"@id":"https:\/\/miejskie.wodzislawsl.pttk.pl\/wpa\/linki\/#breadcrumb"},"inLanguage":"pl-PL","potentialAction":[{"@type":"ReadAction","target":["https:\/\/miejskie.wodzislawsl.pttk.pl\/wpa\/linki\/"]}]},{"@type":"BreadcrumbList","@id":"https:\/\/miejskie.wodzislawsl.pttk.pl\/wpa\/linki\/#breadcrumb","itemListElement":[{"@type":"ListItem","position":1,"name":"Strona g\u0142\u00f3wna","item":"https:\/\/miejskie.wodzislawsl.pttk.pl\/"},{"@type":"ListItem","position":2,"name":"Linki"}]},{"@type":"WebSite","@id":"https:\/\/miejskie.wodzislawsl.pttk.pl\/#website","url":"https:\/\/miejskie.wodzislawsl.pttk.pl\/","name":"Ko\u0142o Miejskie PTTK w Wodzis\u0142awiu \u015al\u0105skim","description":"PTTK Oddzia\u0142 w Wodzis\u0142awiu \u015al\u0105skim","publisher":{"@id":"https:\/\/miejskie.wodzislawsl.pttk.pl\/#organization"},"potentialAction":[{"@type":"SearchAction","target":{"@type":"EntryPoint","urlTemplate":"https:\/\/miejskie.wodzislawsl.pttk.pl\/?s={search_term_string}"},"query-input":{"@type":"PropertyValueSpecification","valueRequired":true,"valueName":"search_term_string"}}],"inLanguage":"pl-PL"},{"@type":"Organization","@id":"https:\/\/miejskie.wodzislawsl.pttk.pl\/#organization","name":"Ko\u0142o Miejskie PTTK w Wodzis\u0142awiu \u015al\u0105skim","url":"https:\/\/miejskie.wodzislawsl.pttk.pl\/","logo":{"@type":"ImageObject","inLanguage":"pl-PL","@id":"https:\/\/miejskie.wodzislawsl.pttk.pl\/#\/schema\/logo\/image\/","url":"https:\/\/miejskie.wodzislawsl.pttk.pl\/wpa\/wp-content\/uploads\/2024\/01\/PTTK-125.png","contentUrl":"https:\/\/miejskie.wodzislawsl.pttk.pl\/wpa\/wp-content\/uploads\/2024\/01\/PTTK-125.png","width":125,"height":125,"caption":"Ko\u0142o Miejskie PTTK w Wodzis\u0142awiu \u015al\u0105skim"},"image":{"@id":"https:\/\/miejskie.wodzislawsl.pttk.pl\/#\/schema\/logo\/image\/"},"sameAs":["https:\/\/www.facebook.com\/pttk.wodzislawsl\/"]}]}},"_links":{"self":[{"href":"https:\/\/miejskie.wodzislawsl.pttk.pl\/wpa\/wp-json\/wp\/v2\/pages\/81","targetHints":{"allow":["GET"]}}],"collection":[{"href":"https:\/\/miejskie.wodzislawsl.pttk.pl\/wpa\/wp-json\/wp\/v2\/pages"}],"about":[{"href":"https:\/\/miejskie.wodzislawsl.pttk.pl\/wpa\/wp-json\/wp\/v2\/types\/page"}],"author":[{"embeddable":true,"href":"https:\/\/miejskie.wodzislawsl.pttk.pl\/wpa\/wp-json\/wp\/v2\/users\/1"}],"replies":[{"embeddable":true,"href":"https:\/\/miejskie.wodzislawsl.pttk.pl\/wpa\/wp-json\/wp\/v2\/comments?post=81"}],"version-history":[{"count":15,"href":"https:\/\/miejskie.wodzislawsl.pttk.pl\/wpa\/wp-json\/wp\/v2\/pages\/81\/revisions"}],"predecessor-version":[{"id":1221,"href":"https:\/\/miejskie.wodzislawsl.pttk.pl\/wpa\/wp-json\/wp\/v2\/pages\/81\/revisions\/1221"}],"wp:attachment":[{"href":"https:\/\/miejskie.wodzislawsl.pttk.pl\/wpa\/wp-json\/wp\/v2\/media?parent=81"}],"curies":[{"name":"wp","href":"https:\/\/api.w.org\/{rel}","templated":true}]}}